{"id":986,"date":"2021-09-09T12:55:55","date_gmt":"2021-09-09T10:55:55","guid":{"rendered":"http:\/\/18.197.242.202\/~goodmedical\/?post_type=product&#038;p=986"},"modified":"2021-10-25T10:30:39","modified_gmt":"2021-10-25T08:30:39","slug":"emmi-holder","status":"publish","type":"product","link":"https:\/\/svenskagoodmedical.com\/sv\/produkt\/emmi-holder\/","title":{"rendered":"Emmi-h\u00e5llare"},"content":{"rendered":"","protected":false},"excerpt":{"rendered":"<p>Emmi-h\u00e5llare \u00e4r en ny patenterad innovation som med f\u00f6rdel kan anv\u00e4ndas n\u00e4r du beh\u00f6ver en IVA-skena som \u00e4r portabel, f\u00f6r t.ex. s\u00e4ngar, behandlingsbord eller operationsbord etc. Den kan placeras under en madrass eller liknande. Den har en hygienisk design och kan tv\u00e4ttas i ett spoldesinfektionsmedel och t\u00e5l temperaturer \u00f6ver 100 grader Celsius. Den \u00e4r l\u00e4tt och enkel att flytta.<\/p>\n<p>&nbsp;<\/p>\n<h4>Om produkten<\/h4>\n<ul>\n<li>Tillverkad av polykarbonat i Sverige i f\u00e4rgen svart<\/li>\n<li>Hygienisk design<\/li>\n<li>Kan tv\u00e4ttas i ett spolningsdesinfektionsmedel, t\u00e5l temperaturer \u00f6ver 100 grader Celsius<\/li>\n<li>T\u00e5l alla desinfektionsmedel och alkohol p\u00e5 marknaden<\/li>\n<li>L\u00e4tt och enkel att flytta<\/li>\n<li>Anv\u00e4nds med f\u00f6rdel n\u00e4r du beh\u00f6ver en IVA -skena som \u00e4r b\u00e4rbar, f\u00f6r t.ex. s\u00e4ngar, behandlingsbord, operationsbord m.m.<\/li>\n<li>Patenterad innovation<\/li>\n<li>Kan med f\u00f6rdel anv\u00e4ndas med Emmi-bordet<\/li>\n<\/ul>","protected":false},"featured_media":988,"comment_status":"open","ping_status":"closed","template":"","meta":{"inline_featured_image":false},"product_cat":[15],"product_tag":[56,57],"class_list":["post-986","product","type-product","status-publish","has-post-thumbnail","hentry","product_cat-uncategorized","product_tag-emmi","product_tag-emmi-holder"],"acf":[],"_links":{"self":[{"href":"https:\/\/svenskagoodmedical.com\/sv\/wp-json\/wp\/v2\/product\/986","targetHints":{"allow":["GET"]}}],"collection":[{"href":"https:\/\/svenskagoodmedical.com\/sv\/wp-json\/wp\/v2\/product"}],"about":[{"href":"https:\/\/svenskagoodmedical.com\/sv\/wp-json\/wp\/v2\/types\/product"}],"replies":[{"embeddable":true,"href":"https:\/\/svenskagoodmedical.com\/sv\/wp-json\/wp\/v2\/comments?post=986"}],"version-history":[{"count":12,"href":"https:\/\/svenskagoodmedical.com\/sv\/wp-json\/wp\/v2\/product\/986\/revisions"}],"predecessor-version":[{"id":1414,"href":"https:\/\/svenskagoodmedical.com\/sv\/wp-json\/wp\/v2\/product\/986\/revisions\/1414"}],"wp:featuredmedia":[{"embeddable":true,"href":"https:\/\/svenskagoodmedical.com\/sv\/wp-json\/wp\/v2\/media\/988"}],"wp:attachment":[{"href":"https:\/\/svenskagoodmedical.com\/sv\/wp-json\/wp\/v2\/media?parent=986"}],"wp:term":[{"taxonomy":"product_cat","embeddable":true,"href":"https:\/\/svenskagoodmedical.com\/sv\/wp-json\/wp\/v2\/product_cat?post=986"},{"taxonomy":"product_tag","embeddable":true,"href":"https:\/\/svenskagoodmedical.com\/sv\/wp-json\/wp\/v2\/product_tag?post=986"}],"curies":[{"name":"wp","href":"https:\/\/api.w.org\/{rel}","templated":true}]}}