{"id":1548,"date":"2022-01-26T16:15:03","date_gmt":"2022-01-26T15:15:03","guid":{"rendered":"https:\/\/svenskagoodmedical.com\/?post_type=product&#038;p=1548"},"modified":"2024-08-28T10:56:04","modified_gmt":"2024-08-28T08:56:04","slug":"airerx-leg-support","status":"publish","type":"product","link":"https:\/\/svenskagoodmedical.com\/sv\/produkt\/airerx-leg-support\/","title":{"rendered":"AireRx\u00ae Leg Support"},"content":{"rendered":"<p>&nbsp;<\/p>\n<p>&nbsp;<\/p>","protected":false},"excerpt":{"rendered":"<p>AireRx\u00ae compact leg support offers your patients optimal foot care with the opportunity to work during different conditions. A customized bag is included or can be purchased separately.<\/p>\n<ul>\n<li>H\u00f6jden kan anpassas utifr\u00e5n behov.<\/li>\n<li>Den stabila konstruktionen av pulverlackerat st\u00e5l och Purflex g\u00f6r denna produkt till en tillf\u00f6rlitlig medhj\u00e4lpare.<\/li>\n<li>Enkel att vika ihop.<\/li>\n<li>Tillg\u00e4ngligt i tv\u00e5 olika h\u00f6jder, en anpassad f\u00f6r golv och en f\u00f6r brits.<\/li>\n<li>\u2022 Dynan g\u00e5r att justera efter patient.<\/li>\n<li>Benst\u00f6d i Purflex med en tjocklek p\u00e5 3,5 cm och en yta p\u00e5 19x14,5 cm.<\/li>\n<li>Tar liten plats vid f\u00f6rvaring.<\/li>\n<li>Enkel att reng\u00f6ra med alla f\u00f6rekommande reng\u00f6rings- och desinfektionsmedel.<\/li>\n<li>Glids\u00e4kra gummif\u00f6tter garanterar stabilitet.<\/li>\n<li>V\u00e4ska ing\u00e5r eller kan k\u00f6pas separat.<\/li>\n<li>CE-m\u00e4rkt enligt ISO-13485.<\/li>\n<li>\u2022 5-\u00e5rs garanti.<\/li>\n<\/ul>","protected":false},"featured_media":1585,"comment_status":"open","ping_status":"closed","template":"","meta":{"inline_featured_image":false},"product_cat":[15],"product_tag":[],"class_list":["post-1548","product","type-product","status-publish","has-post-thumbnail","hentry","product_cat-uncategorized"],"acf":[],"_links":{"self":[{"href":"https:\/\/svenskagoodmedical.com\/sv\/wp-json\/wp\/v2\/product\/1548","targetHints":{"allow":["GET"]}}],"collection":[{"href":"https:\/\/svenskagoodmedical.com\/sv\/wp-json\/wp\/v2\/product"}],"about":[{"href":"https:\/\/svenskagoodmedical.com\/sv\/wp-json\/wp\/v2\/types\/product"}],"replies":[{"embeddable":true,"href":"https:\/\/svenskagoodmedical.com\/sv\/wp-json\/wp\/v2\/comments?post=1548"}],"version-history":[{"count":7,"href":"https:\/\/svenskagoodmedical.com\/sv\/wp-json\/wp\/v2\/product\/1548\/revisions"}],"predecessor-version":[{"id":1600,"href":"https:\/\/svenskagoodmedical.com\/sv\/wp-json\/wp\/v2\/product\/1548\/revisions\/1600"}],"wp:featuredmedia":[{"embeddable":true,"href":"https:\/\/svenskagoodmedical.com\/sv\/wp-json\/wp\/v2\/media\/1585"}],"wp:attachment":[{"href":"https:\/\/svenskagoodmedical.com\/sv\/wp-json\/wp\/v2\/media?parent=1548"}],"wp:term":[{"taxonomy":"product_cat","embeddable":true,"href":"https:\/\/svenskagoodmedical.com\/sv\/wp-json\/wp\/v2\/product_cat?post=1548"},{"taxonomy":"product_tag","embeddable":true,"href":"https:\/\/svenskagoodmedical.com\/sv\/wp-json\/wp\/v2\/product_tag?post=1548"}],"curies":[{"name":"wp","href":"https:\/\/api.w.org\/{rel}","templated":true}]}}