{"id":1320,"date":"2021-10-14T14:45:00","date_gmt":"2021-10-14T12:45:00","guid":{"rendered":"https:\/\/svenskagoodmedical.com\/?post_type=product&#038;p=1320"},"modified":"2021-10-25T11:35:29","modified_gmt":"2021-10-25T09:35:29","slug":"padlock-sealing","status":"publish","type":"product","link":"https:\/\/svenskagoodmedical.com\/sv\/produkt\/padlock-sealing\/","title":{"rendered":"Plomberingsl\u00e5s"},"content":{"rendered":"","protected":false},"excerpt":{"rendered":"<p>Plomberingsl\u00e5set \u00e4r en kvalitetss\u00e4kring och minskar risken f\u00f6r produktst\u00f6ld.<\/p>\n<h2>Om produkten<\/h2>\n<ul>\n<li>Tillverkad av v\u00e4xtbaserat material som E 470a<\/li>\n<li>M\u00f6jlighet att f\u00e5 i alla RAL-f\u00e4rger<\/li>\n<li>M\u00f6jligt att f\u00e5 det m\u00e4rkt med unikt ID-nummer och f\u00f6retagslogotyp<\/li>\n<li>Plasten \u00e4r godk\u00e4nd b\u00e5de inom EU och av FDA (USA)<\/li>\n<li>Fri fr\u00e5n ftalater (DBP), bensbutylftalat (BBP), diisobutylftalat (DIBP)<\/li>\n<li>\u00c4r fri fr\u00e5n krom (VI), bly, kvicksilver, kadmium, PBDE och PBB i produktionsfasen<\/li>\n<li>Tillverkad i Sverige och minskar d\u00e4rf\u00f6r milj\u00f6p\u00e5verkan<\/li>\n<li>Materialcertifikat tillg\u00e4ngligt<\/li>\n<\/ul>","protected":false},"featured_media":1321,"comment_status":"open","ping_status":"closed","template":"","meta":{"inline_featured_image":false},"product_cat":[15],"product_tag":[100,97,98,99,92,101],"class_list":["post-1320","product","type-product","status-publish","has-post-thumbnail","hentry","product_cat-uncategorized","product_tag-medical-equipment","product_tag-padlock","product_tag-padlock-sealing","product_tag-sealing","product_tag-sgm","product_tag-trolley"],"acf":[],"_links":{"self":[{"href":"https:\/\/svenskagoodmedical.com\/sv\/wp-json\/wp\/v2\/product\/1320","targetHints":{"allow":["GET"]}}],"collection":[{"href":"https:\/\/svenskagoodmedical.com\/sv\/wp-json\/wp\/v2\/product"}],"about":[{"href":"https:\/\/svenskagoodmedical.com\/sv\/wp-json\/wp\/v2\/types\/product"}],"replies":[{"embeddable":true,"href":"https:\/\/svenskagoodmedical.com\/sv\/wp-json\/wp\/v2\/comments?post=1320"}],"version-history":[{"count":4,"href":"https:\/\/svenskagoodmedical.com\/sv\/wp-json\/wp\/v2\/product\/1320\/revisions"}],"predecessor-version":[{"id":1450,"href":"https:\/\/svenskagoodmedical.com\/sv\/wp-json\/wp\/v2\/product\/1320\/revisions\/1450"}],"wp:featuredmedia":[{"embeddable":true,"href":"https:\/\/svenskagoodmedical.com\/sv\/wp-json\/wp\/v2\/media\/1321"}],"wp:attachment":[{"href":"https:\/\/svenskagoodmedical.com\/sv\/wp-json\/wp\/v2\/media?parent=1320"}],"wp:term":[{"taxonomy":"product_cat","embeddable":true,"href":"https:\/\/svenskagoodmedical.com\/sv\/wp-json\/wp\/v2\/product_cat?post=1320"},{"taxonomy":"product_tag","embeddable":true,"href":"https:\/\/svenskagoodmedical.com\/sv\/wp-json\/wp\/v2\/product_tag?post=1320"}],"curies":[{"name":"wp","href":"https:\/\/api.w.org\/{rel}","templated":true}]}}