{"id":1286,"date":"2021-10-14T14:53:03","date_gmt":"2021-10-14T12:53:03","guid":{"rendered":"https:\/\/svenskagoodmedical.com\/?post_type=product&#038;p=1286"},"modified":"2021-10-14T15:25:07","modified_gmt":"2021-10-14T13:25:07","slug":"strana-mr-trolley","status":"publish","type":"product","link":"https:\/\/svenskagoodmedical.com\/sv\/produkt\/strana-mr-trolley\/","title":{"rendered":"Strana MR-vagn"},"content":{"rendered":"","protected":false},"excerpt":{"rendered":"<p>Strana MR-vagn har utvecklats i samarbete med MR-personal med chassi i aluminium och laminat.<\/p>\n<h3>Om produkten<\/h3>\n<ul>\n<li>Chassi i aluminium och laminat<\/li>\n<li>L\u00e5dfronter i laminat<\/li>\n<li>Arbetsyta i kompaktlaminat<\/li>\n<li>L\u00e5dhandtag i aluminium<\/li>\n<li>Expanderskenor i rostfritt st\u00e5l<\/li>\n<li>Manierhjul 100 mm (icke-magnetiska)<\/li>\n<li>ISO-brickor och l\u00e5davdelare i transparent polykarbonat (+120 grader)<\/li>\n<li>L\u00e5dor finns i h\u00f6jderna 50, 100 och 200 mm<\/li>\n<li>Arbetsyta i vitt med integrerat drivhandtag (finns utan integrerat handtag, och d\u00e5 med en mindre arbetsyta)<\/li>\n<li>Svep finns i gr\u00e5tt eller vitt<\/li>\n<\/ul>\n<h3>M\u00e5tt<\/h3>\n<ul>\n<li>M\u00e5tt med l\u00e5dor p\u00e5 l\u00e5ngsidan: 443 mm x 395 mm x 950 mm (BxDxH), med topp inkl. handtag 552 mm x 435 mm, topp utan handtag 473 mm x 425 mm<\/li>\n<li>M\u00e5tt med l\u00e5dor p\u00e5 kortsidan: 342 mm x 490 mm x 950 mm<br \/>\n(BxDxH), endast tillg\u00e4nglig utan handtag 372 mm x 520 mm<\/li>\n<li>Ett utrymme med en h\u00f6jd p\u00e5 500 mm att placera l\u00e5dor i<\/li>\n<\/ul>\n<h3>Tillbeh\u00f6r<\/h3>\n<ul>\n<li>IVA-skena<\/li>\n<li>H\u00e5llare f\u00f6r t.ex. handskar, handsprit och klorhexidin<\/li>\n<li>Papperskorgen 7 eller 12 liter<\/li>\n<li>L\u00e5dfronter finns i 5 f\u00e4rger: r\u00f6d, vit, gr\u00f6n, gr\u00e5 och bl\u00e5<\/li>\n<li>L\u00e5dor som \u00e4r fullt utdragbara<\/li>\n<\/ul>\n<h4>ISO-Back (polykarbonat)<\/h4>\n<ul>\n<li>300 mm x 400 mm x 50 mm<\/li>\n<li>300 mm x 400 mm x 100 mm<\/li>\n<li>300 mm x 400 mm x 200 mm<\/li>\n<\/ul>","protected":false},"featured_media":1330,"comment_status":"open","ping_status":"closed","template":"","meta":{"inline_featured_image":false},"product_cat":[15],"product_tag":[],"class_list":["post-1286","product","type-product","status-publish","has-post-thumbnail","hentry","product_cat-uncategorized"],"acf":[],"_links":{"self":[{"href":"https:\/\/svenskagoodmedical.com\/sv\/wp-json\/wp\/v2\/product\/1286","targetHints":{"allow":["GET"]}}],"collection":[{"href":"https:\/\/svenskagoodmedical.com\/sv\/wp-json\/wp\/v2\/product"}],"about":[{"href":"https:\/\/svenskagoodmedical.com\/sv\/wp-json\/wp\/v2\/types\/product"}],"replies":[{"embeddable":true,"href":"https:\/\/svenskagoodmedical.com\/sv\/wp-json\/wp\/v2\/comments?post=1286"}],"version-history":[{"count":4,"href":"https:\/\/svenskagoodmedical.com\/sv\/wp-json\/wp\/v2\/product\/1286\/revisions"}],"predecessor-version":[{"id":1342,"href":"https:\/\/svenskagoodmedical.com\/sv\/wp-json\/wp\/v2\/product\/1286\/revisions\/1342"}],"wp:featuredmedia":[{"embeddable":true,"href":"https:\/\/svenskagoodmedical.com\/sv\/wp-json\/wp\/v2\/media\/1330"}],"wp:attachment":[{"href":"https:\/\/svenskagoodmedical.com\/sv\/wp-json\/wp\/v2\/media?parent=1286"}],"wp:term":[{"taxonomy":"product_cat","embeddable":true,"href":"https:\/\/svenskagoodmedical.com\/sv\/wp-json\/wp\/v2\/product_cat?post=1286"},{"taxonomy":"product_tag","embeddable":true,"href":"https:\/\/svenskagoodmedical.com\/sv\/wp-json\/wp\/v2\/product_tag?post=1286"}],"curies":[{"name":"wp","href":"https:\/\/api.w.org\/{rel}","templated":true}]}}