{"id":1266,"date":"2021-10-11T11:01:43","date_gmt":"2021-10-11T09:01:43","guid":{"rendered":"https:\/\/svenskagoodmedical.com\/?post_type=product&#038;p=1266"},"modified":"2021-10-25T11:35:55","modified_gmt":"2021-10-25T09:35:55","slug":"cable-tie","status":"publish","type":"product","link":"https:\/\/svenskagoodmedical.com\/sv\/produkt\/cable-tie\/","title":{"rendered":"Buntband"},"content":{"rendered":"","protected":false},"excerpt":{"rendered":"<p>Buntband f\u00f6r st\u00e4ngning av tv\u00e4tt- och avfallsp\u00e5sar. Gul med etiketten \u201dF\u00f6rorenade varor\u201d. Buntbandet hj\u00e4lper till att s\u00e4kerst\u00e4lla inneh\u00e5llet i tv\u00e4tt- och avfallsp\u00e5sar med anv\u00e4ndning av f\u00e4rgkod och m\u00e4rkning.<\/p>\n<h3>Om produkten<\/h3>\n<ul>\n<li>Tillverkad i Sverige av PariPlast AB<\/li>\n<li>Ger \u00f6kad s\u00e4kerhet<\/li>\n<li>Minskar risken f\u00f6r infektion med hj\u00e4lp av etiketterna<\/li>\n<li>Uppfyller kraven enligt arbetsr\u00e4ttsliga villkor enligt ILO: s k\u00e4rnkonventioner och h\u00e5llbara leveranskedjor<\/li>\n<li>Milj\u00f6godk\u00e4nd plast i polypropen<\/li>\n<\/ul>\n<h3>Ytterligare information<\/h3>\n<ul>\n<li>M\u00e5tt: 200 m x 6,5 mm<\/li>\n<li>Levereras i f\u00f6rpackningar om 1000 st<\/li>\n<\/ul>","protected":false},"featured_media":1267,"comment_status":"open","ping_status":"closed","template":"","meta":{"inline_featured_image":false},"product_cat":[15],"product_tag":[93,94,91],"class_list":["post-1266","product","type-product","status-publish","has-post-thumbnail","hentry","product_cat-uncategorized","product_tag-cable-tie","product_tag-contaminated-goods","product_tag-svenska-good-medical"],"acf":[],"_links":{"self":[{"href":"https:\/\/svenskagoodmedical.com\/sv\/wp-json\/wp\/v2\/product\/1266","targetHints":{"allow":["GET"]}}],"collection":[{"href":"https:\/\/svenskagoodmedical.com\/sv\/wp-json\/wp\/v2\/product"}],"about":[{"href":"https:\/\/svenskagoodmedical.com\/sv\/wp-json\/wp\/v2\/types\/product"}],"replies":[{"embeddable":true,"href":"https:\/\/svenskagoodmedical.com\/sv\/wp-json\/wp\/v2\/comments?post=1266"}],"version-history":[{"count":3,"href":"https:\/\/svenskagoodmedical.com\/sv\/wp-json\/wp\/v2\/product\/1266\/revisions"}],"predecessor-version":[{"id":1451,"href":"https:\/\/svenskagoodmedical.com\/sv\/wp-json\/wp\/v2\/product\/1266\/revisions\/1451"}],"wp:featuredmedia":[{"embeddable":true,"href":"https:\/\/svenskagoodmedical.com\/sv\/wp-json\/wp\/v2\/media\/1267"}],"wp:attachment":[{"href":"https:\/\/svenskagoodmedical.com\/sv\/wp-json\/wp\/v2\/media?parent=1266"}],"wp:term":[{"taxonomy":"product_cat","embeddable":true,"href":"https:\/\/svenskagoodmedical.com\/sv\/wp-json\/wp\/v2\/product_cat?post=1266"},{"taxonomy":"product_tag","embeddable":true,"href":"https:\/\/svenskagoodmedical.com\/sv\/wp-json\/wp\/v2\/product_tag?post=1266"}],"curies":[{"name":"wp","href":"https:\/\/api.w.org\/{rel}","templated":true}]}}