{"id":1124,"date":"2021-09-13T16:20:18","date_gmt":"2021-09-13T14:20:18","guid":{"rendered":"http:\/\/18.197.242.202\/~goodmedical\/?post_type=product&#038;p=1124"},"modified":"2024-09-11T20:31:43","modified_gmt":"2024-09-11T18:31:43","slug":"operation-mat","status":"publish","type":"product","link":"https:\/\/svenskagoodmedical.com\/sv\/produkt\/operation-mat\/","title":{"rendered":"Operationsmatta"},"content":{"rendered":"","protected":false},"excerpt":{"rendered":"<p>AireRx Operationsmatta lindrar trycket n\u00e4r du st\u00e5r upp under l\u00e5nga pass, det vill s\u00e4ga f\u00f6rb\u00e4ttrad ergonomi under operation och andra typer av st\u00e5ende arbete.<\/p>\n<p>&nbsp;<\/p>\n<p><strong>Om produkten<\/strong>:<\/p>\n<ul>\n<li id=\"tw-target-text\" class=\"tw-data-text tw-text-large XcVN5d tw-ta\" dir=\"ltr\" data-placeholder=\"\u00d6vers\u00e4ttning\"><span class=\"Y2IQFc\" lang=\"en\">Minskar belastningen vid l\u00e5ngvarigt st\u00e5ende <\/span><\/li>\n<li class=\"tw-data-text tw-text-large XcVN5d tw-ta\" dir=\"ltr\" data-placeholder=\"\u00d6vers\u00e4ttning\"><span class=\"Y2IQFc\" lang=\"en\">Bra komfort \/ Avlastning f\u00f6r f\u00f6tter, kn\u00e4n, h\u00f6fter och rygg, medf\u00f6r mindre risk f\u00f6r sjukskrivning <\/span><\/li>\n<li class=\"tw-data-text tw-text-large XcVN5d tw-ta\" dir=\"ltr\" data-placeholder=\"\u00d6vers\u00e4ttning\"><span class=\"Y2IQFc\" lang=\"en\">Halkfritt material, vilket inneb\u00e4r att mattan ligger stabilt p\u00e5 golvet\/pallen och minskar halkrisken f\u00f6r anv\u00e4ndaren <\/span><\/li>\n<li class=\"tw-data-text tw-text-large XcVN5d tw-ta\" dir=\"ltr\" data-placeholder=\"\u00d6vers\u00e4ttning\"><span class=\"Y2IQFc\" lang=\"en\">Dr\u00e4neringskanaler f\u00f6r v\u00e4tskor och blod <\/span><\/li>\n<li class=\"tw-data-text tw-text-large XcVN5d tw-ta\" dir=\"ltr\" data-placeholder=\"\u00d6vers\u00e4ttning\"><span class=\"Y2IQFc\" lang=\"en\">Tillverkad av milj\u00f6v\u00e4nligt material som \u00e4r fritt fr\u00e5n latex och PVC och v\u00e4tskeavvisande <\/span><\/li>\n<li class=\"tw-data-text tw-text-large XcVN5d tw-ta\" dir=\"ltr\" data-placeholder=\"\u00d6vers\u00e4ttning\"><span class=\"Y2IQFc\" lang=\"en\">Brands\u00e4ker och antistatisk <\/span><\/li>\n<li class=\"tw-data-text tw-text-large XcVN5d tw-ta\" dir=\"ltr\" data-placeholder=\"\u00d6vers\u00e4ttning\"><span class=\"Y2IQFc\" lang=\"en\">Mycket l\u00e5g vikt, vilket ger enklare hantering och minskad milj\u00f6p\u00e5verkan <\/span><\/li>\n<li class=\"tw-data-text tw-text-large XcVN5d tw-ta\" dir=\"ltr\" data-placeholder=\"\u00d6vers\u00e4ttning\"><span class=\"Y2IQFc\" lang=\"en\">Kostnadseffektiv eng\u00e5ngsartikel (kan anv\u00e4ndas under flera operationer) <\/span><\/li>\n<li class=\"tw-data-text tw-text-large XcVN5d tw-ta\" dir=\"ltr\" data-placeholder=\"\u00d6vers\u00e4ttning\"><span class=\"Y2IQFc\" lang=\"en\">Neutral f\u00e4rg <\/span><\/li>\n<li class=\"tw-data-text tw-text-large XcVN5d tw-ta\" dir=\"ltr\" data-placeholder=\"\u00d6vers\u00e4ttning\"><span class=\"Y2IQFc\" lang=\"en\">Svensktillverkad<\/span><\/li>\n<\/ul>","protected":false},"featured_media":1625,"comment_status":"open","ping_status":"closed","template":"","meta":{"inline_featured_image":false},"product_cat":[15],"product_tag":[88,66,87,85,86,90,92,89,91],"class_list":["post-1124","product","type-product","status-publish","has-post-thumbnail","hentry","product_cat-uncategorized","product_tag-hospital","product_tag-mattress","product_tag-operation","product_tag-operation-mat","product_tag-operation-mattress","product_tag-operations-matta","product_tag-sgm","product_tag-sjukhus","product_tag-svenska-good-medical"],"acf":[],"_links":{"self":[{"href":"https:\/\/svenskagoodmedical.com\/sv\/wp-json\/wp\/v2\/product\/1124","targetHints":{"allow":["GET"]}}],"collection":[{"href":"https:\/\/svenskagoodmedical.com\/sv\/wp-json\/wp\/v2\/product"}],"about":[{"href":"https:\/\/svenskagoodmedical.com\/sv\/wp-json\/wp\/v2\/types\/product"}],"replies":[{"embeddable":true,"href":"https:\/\/svenskagoodmedical.com\/sv\/wp-json\/wp\/v2\/comments?post=1124"}],"version-history":[{"count":5,"href":"https:\/\/svenskagoodmedical.com\/sv\/wp-json\/wp\/v2\/product\/1124\/revisions"}],"predecessor-version":[{"id":1448,"href":"https:\/\/svenskagoodmedical.com\/sv\/wp-json\/wp\/v2\/product\/1124\/revisions\/1448"}],"wp:featuredmedia":[{"embeddable":true,"href":"https:\/\/svenskagoodmedical.com\/sv\/wp-json\/wp\/v2\/media\/1625"}],"wp:attachment":[{"href":"https:\/\/svenskagoodmedical.com\/sv\/wp-json\/wp\/v2\/media?parent=1124"}],"wp:term":[{"taxonomy":"product_cat","embeddable":true,"href":"https:\/\/svenskagoodmedical.com\/sv\/wp-json\/wp\/v2\/product_cat?post=1124"},{"taxonomy":"product_tag","embeddable":true,"href":"https:\/\/svenskagoodmedical.com\/sv\/wp-json\/wp\/v2\/product_tag?post=1124"}],"curies":[{"name":"wp","href":"https:\/\/api.w.org\/{rel}","templated":true}]}}