{"id":1046,"date":"2021-09-13T16:18:30","date_gmt":"2021-09-13T14:18:30","guid":{"rendered":"http:\/\/18.197.242.202\/~goodmedical\/?post_type=product&#038;p=1046"},"modified":"2025-05-29T04:13:27","modified_gmt":"2025-05-29T02:13:27","slug":"fall-protection-mat","status":"publish","type":"product","link":"https:\/\/svenskagoodmedical.com\/sv\/produkt\/fall-protection-mat\/","title":{"rendered":"Fallskyddsmadrass"},"content":{"rendered":"","protected":false},"excerpt":{"rendered":"<p>En tv\u00e5delad madrass som skyddar, f\u00f6rhindrar och motverkar fallskador vid fall ur s\u00e4ngen. Den \u00e4r hopf\u00e4llbar och mobil f\u00f6r enkel hantering. Madrassen \u00e4r l\u00e4tt att reng\u00f6ra med ljummen tv\u00e5ll\u00f6sning och vatten. Kunder som har testetlarm tillsammans med AireRx fallskyddsmatta har f\u00e5tt mycket positiva resultat. Madrassen har avfasade kanter f\u00f6r att minimera risken f\u00f6r snubblande, och \u00e4r i en ljus f\u00e4rg f\u00f6r att f\u00f6rhindra upplevelsen av ett \"h\u00e5l\" i golvet p\u00e5 natten.<\/p>\n<p>&nbsp;<\/p>\n<p>Om produkten:<\/p>\n<ul>\n<li>100 % svensktillverkad<\/li>\n<li>Patenterad innovation<\/li>\n<li>V\u00e4v i glasfiber som g\u00f6r att kanterna ligger mot golvet<\/li>\n<li>Kan fixeras mot golvet<\/li>\n<li>Testad i trycktest av Predire Testcenter i S\u00f6vlesborg<\/li>\n<\/ul>","protected":false},"featured_media":1118,"comment_status":"open","ping_status":"closed","template":"","meta":{"inline_featured_image":false},"product_cat":[15],"product_tag":[69,68,63,64,65,66,67],"class_list":["post-1046","product","type-product","status-publish","has-post-thumbnail","hentry","product_cat-uncategorized","product_tag-airerx","product_tag-fall-from-bed","product_tag-fall-matress","product_tag-fall-protection-mat","product_tag-mat","product_tag-mattress","product_tag-protect-fall"],"acf":[],"_links":{"self":[{"href":"https:\/\/svenskagoodmedical.com\/sv\/wp-json\/wp\/v2\/product\/1046","targetHints":{"allow":["GET"]}}],"collection":[{"href":"https:\/\/svenskagoodmedical.com\/sv\/wp-json\/wp\/v2\/product"}],"about":[{"href":"https:\/\/svenskagoodmedical.com\/sv\/wp-json\/wp\/v2\/types\/product"}],"replies":[{"embeddable":true,"href":"https:\/\/svenskagoodmedical.com\/sv\/wp-json\/wp\/v2\/comments?post=1046"}],"version-history":[{"count":2,"href":"https:\/\/svenskagoodmedical.com\/sv\/wp-json\/wp\/v2\/product\/1046\/revisions"}],"predecessor-version":[{"id":1123,"href":"https:\/\/svenskagoodmedical.com\/sv\/wp-json\/wp\/v2\/product\/1046\/revisions\/1123"}],"wp:featuredmedia":[{"embeddable":true,"href":"https:\/\/svenskagoodmedical.com\/sv\/wp-json\/wp\/v2\/media\/1118"}],"wp:attachment":[{"href":"https:\/\/svenskagoodmedical.com\/sv\/wp-json\/wp\/v2\/media?parent=1046"}],"wp:term":[{"taxonomy":"product_cat","embeddable":true,"href":"https:\/\/svenskagoodmedical.com\/sv\/wp-json\/wp\/v2\/product_cat?post=1046"},{"taxonomy":"product_tag","embeddable":true,"href":"https:\/\/svenskagoodmedical.com\/sv\/wp-json\/wp\/v2\/product_tag?post=1046"}],"curies":[{"name":"wp","href":"https:\/\/api.w.org\/{rel}","templated":true}]}}