{"id":1029,"date":"2021-09-09T15:01:54","date_gmt":"2021-09-09T13:01:54","guid":{"rendered":"http:\/\/18.197.242.202\/~goodmedical\/?post_type=product&#038;p=1029"},"modified":"2025-04-06T22:07:56","modified_gmt":"2025-04-06T20:07:56","slug":"emmi-shelf","status":"publish","type":"product","link":"https:\/\/svenskagoodmedical.com\/sv\/produkt\/emmi-shelf\/","title":{"rendered":"Emmi-hylla"},"content":{"rendered":"","protected":false},"excerpt":{"rendered":"<p>Emmi-hylla kan med f\u00f6rdel anv\u00e4ndas n\u00e4r extra yta beh\u00f6vs till exempel p\u00e5 ett operationsbord eller vagn med en IVA-skena. Den har en hygienisk design och kan tv\u00e4ttas i ett spoldesinfektionsmedel. Dessutom t\u00e5l den all desinfektion och alkohol p\u00e5 marknaden. Den \u00e4r l\u00e4tt och l\u00e4tt att flytta och kan med f\u00f6rdel kombineras med Emmi-h\u00e5llare.<\/p>\n<p>&nbsp;<\/p>\n<h4>Om produkten<\/h4>\n<ul>\n<li>Tillverkad av polykarbonat i Sverige i f\u00e4rgerna: gr\u00e5, vit, r\u00f6d, gul och cerise<\/li>\n<li>Hygienisk design<\/li>\n<li>Kan tv\u00e4ttas i ett spolningsdesinfektionsmedel, t\u00e5l temperaturer \u00f6ver 100 grader Celsius<\/li>\n<li>T\u00e5l alla desinfektionsmedel och alkohol p\u00e5 marknaden<\/li>\n<li>L\u00e4tt och enkel att flytta<\/li>\n<li>Kan h\u00e4ngas p\u00e5 IVA-skenor och operationsbord etc.<\/li>\n<li>Anv\u00e4nds med f\u00f6rdel n\u00e4r yta beh\u00f6vs p\u00e5 t.ex. operationsbord eller vagn med IVA-skena<\/li>\n<li>Patenterad innovation<\/li>\n<li>Kan med f\u00f6rdel anv\u00e4ndas med Emmi-h\u00e5llaren<\/li>\n<li>Utvecklad av v\u00e5rdpersonal f\u00f6r v\u00e5rdpersonal<\/li>\n<\/ul>\n<p>&nbsp;<\/p>","protected":false},"featured_media":1032,"comment_status":"open","ping_status":"closed","template":"","meta":{"inline_featured_image":false},"product_cat":[15],"product_tag":[56,62],"class_list":["post-1029","product","type-product","status-publish","has-post-thumbnail","hentry","product_cat-uncategorized","product_tag-emmi","product_tag-emmi-shelf"],"acf":[],"_links":{"self":[{"href":"https:\/\/svenskagoodmedical.com\/sv\/wp-json\/wp\/v2\/product\/1029","targetHints":{"allow":["GET"]}}],"collection":[{"href":"https:\/\/svenskagoodmedical.com\/sv\/wp-json\/wp\/v2\/product"}],"about":[{"href":"https:\/\/svenskagoodmedical.com\/sv\/wp-json\/wp\/v2\/types\/product"}],"replies":[{"embeddable":true,"href":"https:\/\/svenskagoodmedical.com\/sv\/wp-json\/wp\/v2\/comments?post=1029"}],"version-history":[{"count":4,"href":"https:\/\/svenskagoodmedical.com\/sv\/wp-json\/wp\/v2\/product\/1029\/revisions"}],"predecessor-version":[{"id":1505,"href":"https:\/\/svenskagoodmedical.com\/sv\/wp-json\/wp\/v2\/product\/1029\/revisions\/1505"}],"wp:featuredmedia":[{"embeddable":true,"href":"https:\/\/svenskagoodmedical.com\/sv\/wp-json\/wp\/v2\/media\/1032"}],"wp:attachment":[{"href":"https:\/\/svenskagoodmedical.com\/sv\/wp-json\/wp\/v2\/media?parent=1029"}],"wp:term":[{"taxonomy":"product_cat","embeddable":true,"href":"https:\/\/svenskagoodmedical.com\/sv\/wp-json\/wp\/v2\/product_cat?post=1029"},{"taxonomy":"product_tag","embeddable":true,"href":"https:\/\/svenskagoodmedical.com\/sv\/wp-json\/wp\/v2\/product_tag?post=1029"}],"curies":[{"name":"wp","href":"https:\/\/api.w.org\/{rel}","templated":true}]}}