{"id":1009,"date":"2021-09-09T14:34:16","date_gmt":"2021-09-09T12:34:16","guid":{"rendered":"http:\/\/18.197.242.202\/~goodmedical\/?post_type=product&#038;p=1009"},"modified":"2024-09-08T14:40:16","modified_gmt":"2024-09-08T12:40:16","slug":"glove-box-holder","status":"publish","type":"product","link":"https:\/\/svenskagoodmedical.com\/sv\/produkt\/glove-box-holder\/","title":{"rendered":"Glove Box Holder F.L.A.G. Flex-S"},"content":{"rendered":"","protected":false},"excerpt":{"rendered":"<p>Denna handf\u00f6rpackningsh\u00e5llare har ett avtagbart h\u00e5llararrangemang f\u00f6r att ge enklare reng\u00f6ring och f\u00f6r att h\u00e4mma tillv\u00e4xten av bakterier. Skenan \u00e4r i anodiserad aluminium och finns i f\u00e4rgerna bl\u00e5, naturf\u00e4rg och r\u00f6d. Den rymmer upp till 4 handskfack och finns \u00e4ven med vertikala monteringsskenor, till exempel masker, h\u00e5rskydd eller handdesinfektion.<\/p>\n<p>&nbsp;<\/p>\n<h3>Om produkten<\/h3>\n<ul>\n<li>Monteringsskena i eloxerat aluminium<\/li>\n<li>Finns i bl\u00e5, naturlig f\u00e4rg och r\u00f6d<\/li>\n<li>H\u00e5ller 1-4 handskfack, f\u00f6rkl\u00e4den etc.<\/li>\n<li>\u00c4r tillverkad i rostfritt st\u00e5l som f\u00f6rl\u00e4nger dess h\u00e5llbarhet och g\u00f6r reng\u00f6ringen enklare och minskar spridningen av bakterier<\/li>\n<li>F\u00e4sts p\u00e5 v\u00e4ggen med antingen dubbelsidig tejp eller skruvar<\/li>\n<li>Mindre milj\u00f6p\u00e5verkan p\u00e5 grund av att den g\u00f6rs i Sverige<\/li>\n<li>100 % \u00e5teranv\u00e4ndbar<\/li>\n<li>Alla delar t\u00e5l autoklavering<\/li>\n<li>Patents\u00f6kt<\/li>\n<\/ul>\n<p>Kan ocks\u00e5 f\u00e4stas vertikalt med vertikala monteringsskenor f\u00f6r f\u00f6rpackningar som:<\/p>\n<ul>\n<li>Ansiktsmasker<\/li>\n<li>H\u00e5rn\u00e4t<\/li>\n<li>Stickburkar<\/li>\n<li>Handdesinfektion<\/li>\n<\/ul>","protected":false},"featured_media":1013,"comment_status":"open","ping_status":"closed","template":"","meta":{"inline_featured_image":false},"product_cat":[15],"product_tag":[96,70,95,59,61,58,60],"class_list":["post-1009","product","type-product","status-publish","has-post-thumbnail","hentry","product_cat-uncategorized","product_tag-96","product_tag-f-l-a-g","product_tag-f-l-a-g-flex","product_tag-glove-box","product_tag-glove-box-holder","product_tag-gloves","product_tag-holder"],"acf":[],"_links":{"self":[{"href":"https:\/\/svenskagoodmedical.com\/sv\/wp-json\/wp\/v2\/product\/1009","targetHints":{"allow":["GET"]}}],"collection":[{"href":"https:\/\/svenskagoodmedical.com\/sv\/wp-json\/wp\/v2\/product"}],"about":[{"href":"https:\/\/svenskagoodmedical.com\/sv\/wp-json\/wp\/v2\/types\/product"}],"replies":[{"embeddable":true,"href":"https:\/\/svenskagoodmedical.com\/sv\/wp-json\/wp\/v2\/comments?post=1009"}],"version-history":[{"count":5,"href":"https:\/\/svenskagoodmedical.com\/sv\/wp-json\/wp\/v2\/product\/1009\/revisions"}],"predecessor-version":[{"id":1613,"href":"https:\/\/svenskagoodmedical.com\/sv\/wp-json\/wp\/v2\/product\/1009\/revisions\/1613"}],"wp:featuredmedia":[{"embeddable":true,"href":"https:\/\/svenskagoodmedical.com\/sv\/wp-json\/wp\/v2\/media\/1013"}],"wp:attachment":[{"href":"https:\/\/svenskagoodmedical.com\/sv\/wp-json\/wp\/v2\/media?parent=1009"}],"wp:term":[{"taxonomy":"product_cat","embeddable":true,"href":"https:\/\/svenskagoodmedical.com\/sv\/wp-json\/wp\/v2\/product_cat?post=1009"},{"taxonomy":"product_tag","embeddable":true,"href":"https:\/\/svenskagoodmedical.com\/sv\/wp-json\/wp\/v2\/product_tag?post=1009"}],"curies":[{"name":"wp","href":"https:\/\/api.w.org\/{rel}","templated":true}]}}