{"id":23,"date":"2021-06-04T00:05:47","date_gmt":"2021-06-03T22:05:47","guid":{"rendered":"http:\/\/18.197.242.202\/~goodmedical\/?page_id=23"},"modified":"2023-11-01T15:30:33","modified_gmt":"2023-11-01T14:30:33","slug":"startsida","status":"publish","type":"page","link":"https:\/\/svenskagoodmedical.com\/sv\/","title":{"rendered":"Startsida"},"content":{"rendered":"<div data-elementor-type=\"wp-page\" data-elementor-id=\"23\" class=\"elementor elementor-23\" data-elementor-post-type=\"page\">\n\t\t\t\t\t\t\t\t\t<section class=\"wd-negative-gap elementor-section elementor-top-section elementor-element elementor-element-a52219e elementor-section-height-min-height wd-section-stretch elementor-section-items-stretch elementor-section-content-middle elementor-section-boxed elementor-section-height-default\" data-id=\"a52219e\" data-element_type=\"section\" data-settings=\"{&quot;background_background&quot;:&quot;classic&quot;}\">\n\t\t\t\t\t\t<div class=\"elementor-container elementor-column-gap-default\">\n\t\t\t\t\t<div class=\"elementor-column elementor-col-50 elementor-top-column elementor-element elementor-element-f617569\" data-id=\"f617569\" data-element_type=\"column\">\n\t\t\t<div class=\"elementor-widget-wrap elementor-element-populated\">\n\t\t\t\t\t\t\t\t<section class=\"wd-negative-gap elementor-section elementor-inner-section elementor-element elementor-element-9dacac6 elementor-section-boxed elementor-section-height-default elementor-section-height-default wd-section-disabled\" data-id=\"9dacac6\" data-element_type=\"section\">\n\t\t\t\t\t\t<div class=\"elementor-container elementor-column-gap-default\">\n\t\t\t\t\t<div class=\"elementor-column elementor-col-100 elementor-inner-column elementor-element elementor-element-3e4d5b3\" data-id=\"3e4d5b3\" data-element_type=\"column\">\n\t\t\t<div class=\"elementor-widget-wrap elementor-element-populated\">\n\t\t\t\t\t\t\t\t<div class=\"elementor-element elementor-element-4f2c539 animated-slow elementor-invisible elementor-widget elementor-widget-heading\" data-id=\"4f2c539\" data-element_type=\"widget\" data-settings=\"{&quot;_animation&quot;:&quot;fadeInUp&quot;}\" data-widget_type=\"heading.default\">\n\t\t\t\t<div class=\"elementor-widget-container\">\n\t\t\t<h1 class=\"elementor-heading-title elementor-size-default\">Vi f\u00f6rb\u00e4ttrar<br> h\u00e4lsa och v\u00e5rd processer.<\/h1>\t\t<\/div>\n\t\t\t\t<\/div>\n\t\t\t\t<div class=\"elementor-element elementor-element-6fdf7d6 color-scheme-inherit text-left elementor-invisible elementor-widget elementor-widget-text-editor\" data-id=\"6fdf7d6\" data-element_type=\"widget\" data-settings=\"{&quot;_animation&quot;:&quot;fadeInUp&quot;}\" data-widget_type=\"text-editor.default\">\n\t\t\t\t<div class=\"elementor-widget-container\">\n\t\t\t\t\t\t\t<p>Svenska Good Medical erbjuder unika kvalitetsprodukter f\u00f6r h\u00e4lso- och sjukv\u00e5rden med fantastisk kvalitet och milj\u00f6ansvar.<\/p>\t\t\t\t\t\t<\/div>\n\t\t\t\t<\/div>\n\t\t\t\t<div class=\"elementor-element elementor-element-94b89ee elementor-invisible elementor-widget elementor-widget-button\" data-id=\"94b89ee\" data-element_type=\"widget\" data-settings=\"{&quot;_animation&quot;:&quot;fadeInUp&quot;}\" data-widget_type=\"button.default\">\n\t\t\t\t<div class=\"elementor-widget-container\">\n\t\t\t\t\t<div class=\"elementor-button-wrapper\">\n\t\t\t<a class=\"elementor-button elementor-button-link elementor-size-sm\" href=\"https:\/\/svenskagoodmedical.com\/sv\/contact\/\">\n\t\t\t\t\t\t<span class=\"elementor-button-content-wrapper\">\n\t\t\t\t\t\t<span class=\"elementor-button-text\">Kontakt<\/span>\n\t\t<\/span>\n\t\t\t\t\t<\/a>\n\t\t<\/div>\n\t\t\t\t<\/div>\n\t\t\t\t<\/div>\n\t\t\t\t\t<\/div>\n\t\t<\/div>\n\t\t\t\t\t\t\t<\/div>\n\t\t<\/section>\n\t\t\t\t\t<\/div>\n\t\t<\/div>\n\t\t\t\t<div class=\"elementor-column elementor-col-50 elementor-top-column elementor-element elementor-element-e7b9db9 elementor-hidden-tablet elementor-hidden-phone\" data-id=\"e7b9db9\" data-element_type=\"column\">\n\t\t\t<div class=\"elementor-widget-wrap\">\n\t\t\t\t\t\t\t\t\t<\/div>\n\t\t<\/div>\n\t\t\t\t\t\t\t<\/div>\n\t\t<\/section>\n\t\t\t\t<section class=\"elementor-section elementor-top-section elementor-element elementor-element-570145c elementor-section-height-min-height wd-section-stretch elementor-section-boxed elementor-section-height-default elementor-section-items-middle\" data-id=\"570145c\" data-element_type=\"section\" data-settings=\"{&quot;background_background&quot;:&quot;classic&quot;}\">\n\t\t\t\t\t\t<div class=\"elementor-container elementor-column-gap-default\">\n\t\t\t\t\t<div class=\"elementor-column elementor-col-100 elementor-top-column elementor-element elementor-element-7cb475d\" data-id=\"7cb475d\" data-element_type=\"column\">\n\t\t\t<div class=\"elementor-widget-wrap elementor-element-populated\">\n\t\t\t\t\t\t\t\t<div class=\"elementor-element elementor-element-de0ace8 elementor-widget elementor-widget-heading\" data-id=\"de0ace8\" data-element_type=\"widget\" data-widget_type=\"heading.default\">\n\t\t\t\t<div class=\"elementor-widget-container\">\n\t\t\t<h2 class=\"elementor-heading-title elementor-size-default\">Sveriges leverant\u00f6r f\u00f6r l\u00f6sningar till globala medicintekniker<\/h2>\t\t<\/div>\n\t\t\t\t<\/div>\n\t\t\t\t<div class=\"elementor-element elementor-element-0218d04 elementor-widget__width-initial color-scheme-inherit text-left elementor-widget elementor-widget-text-editor\" data-id=\"0218d04\" data-element_type=\"widget\" data-widget_type=\"text-editor.default\">\n\t\t\t\t<div class=\"elementor-widget-container\">\n\t\t\t\t\t\t\t<p>V\u00e5ra tillverknings- och tekniska processer ger dig h\u00f6gsta kvalitet och v\u00e4rdeorienterade l\u00f6sningar. V\u00e5ra Medical Excellence -processer och kultur guidar oss i alla aspekter av v\u00e5r medicinska verksamhet. Detta tillv\u00e4gag\u00e5ngss\u00e4tt l\u00e5ter oss fokusera p\u00e5 kvalitet i kombination med konsekvent, smal och effektiv leverans f\u00f6r att b\u00e4ttre kunna serva dig och dina patienter.<\/p>\t\t\t\t\t\t<\/div>\n\t\t\t\t<\/div>\n\t\t\t\t\t<\/div>\n\t\t<\/div>\n\t\t\t\t\t\t\t<\/div>\n\t\t<\/section>\n\t\t\t\t<section class=\"elementor-section elementor-top-section elementor-element elementor-element-626277e elementor-section-full_width wd-section-stretch elementor-section-height-default elementor-section-height-default\" data-id=\"626277e\" data-element_type=\"section\" data-settings=\"{&quot;background_background&quot;:&quot;classic&quot;}\">\n\t\t\t\t\t\t<div class=\"elementor-container elementor-column-gap-default\">\n\t\t\t\t\t<div class=\"elementor-column elementor-col-100 elementor-top-column elementor-element elementor-element-bb4bab8\" data-id=\"bb4bab8\" data-element_type=\"column\">\n\t\t\t<div class=\"elementor-widget-wrap elementor-element-populated\">\n\t\t\t\t\t\t\t\t<section class=\"wd-negative-gap elementor-section elementor-inner-section elementor-element elementor-element-cc3543b elementor-section-boxed elementor-section-height-default elementor-section-height-default wd-section-disabled\" data-id=\"cc3543b\" data-element_type=\"section\">\n\t\t\t\t\t\t<div class=\"elementor-container elementor-column-gap-default\">\n\t\t\t\t\t<div class=\"elementor-column elementor-col-33 elementor-inner-column elementor-element elementor-element-8c07205\" data-id=\"8c07205\" data-element_type=\"column\">\n\t\t\t<div class=\"elementor-widget-wrap elementor-element-populated\">\n\t\t\t\t\t\t\t\t<div class=\"elementor-element elementor-element-8c5c9bc elementor-widget elementor-widget-image\" data-id=\"8c5c9bc\" data-element_type=\"widget\" data-widget_type=\"image.default\">\n\t\t\t\t<div class=\"elementor-widget-container\">\n\t\t\t\t\t\t\t\t\t\t\t\t\t\t\t<img loading=\"lazy\" decoding=\"async\" width=\"1000\" height=\"1000\" src=\"https:\/\/svenskagoodmedical.com\/wp-content\/uploads\/2021\/09\/emmi_all_colors.jpg\" class=\"attachment-large size-large wp-image-1164\" alt=\"\" srcset=\"https:\/\/svenskagoodmedical.com\/wp-content\/uploads\/2021\/09\/emmi_all_colors.jpg 1000w, https:\/\/svenskagoodmedical.com\/wp-content\/uploads\/2021\/09\/emmi_all_colors-300x300.jpg 300w, https:\/\/svenskagoodmedical.com\/wp-content\/uploads\/2021\/09\/emmi_all_colors-150x150.jpg 150w, https:\/\/svenskagoodmedical.com\/wp-content\/uploads\/2021\/09\/emmi_all_colors-768x768.jpg 768w, https:\/\/svenskagoodmedical.com\/wp-content\/uploads\/2021\/09\/emmi_all_colors-12x12.jpg 12w, https:\/\/svenskagoodmedical.com\/wp-content\/uploads\/2021\/09\/emmi_all_colors-600x600.jpg 600w\" sizes=\"auto, (max-width: 1000px) 100vw, 1000px\" \/>\t\t\t\t\t\t\t\t\t\t\t\t\t\t\t<\/div>\n\t\t\t\t<\/div>\n\t\t\t\t<div class=\"elementor-element elementor-element-b5fc256 elementor-align-left elementor-widget elementor-widget-button\" data-id=\"b5fc256\" data-element_type=\"widget\" data-widget_type=\"button.default\">\n\t\t\t\t<div class=\"elementor-widget-container\">\n\t\t\t\t\t<div class=\"elementor-button-wrapper\">\n\t\t\t<a class=\"elementor-button elementor-button-link elementor-size-sm elementor-animation-shrink\" href=\"https:\/\/svenskagoodmedical.com\/sv\/produkt\/emmi-shelf\/\">\n\t\t\t\t\t\t<span class=\"elementor-button-content-wrapper\">\n\t\t\t\t\t\t<span class=\"elementor-button-icon elementor-align-icon-right\">\n\t\t\t\t<svg xmlns=\"http:\/\/www.w3.org\/2000\/svg\" width=\"24\" height=\"16\" viewbox=\"0 0 24 16\" fill=\"none\"><path fill-rule=\"evenodd\" clip-rule=\"evenodd\" d=\"M16.7757 0.986523C16.7757 0.986523 17.7622 3.00317 19.5129 4.75383C21.2635 6.50449 23.5402 7.75093 23.5402 7.75093C23.7941 8.00477 23.7941 8.41633 23.5402 8.67017C23.5402 8.67017 21.3894 9.80102 19.5129 11.1027C17.6364 12.4045 16.7757 15.4348 16.7757 15.4348C16.5218 15.6886 16.1103 15.6886 15.8564 15.4348C15.6026 15.181 15.7235 14.8589 15.8564 14.5156C15.8564 14.5156 16.5212 12.3991 18.006 11.1027C19.4907 9.80637 21.5114 8.86055 21.5114 8.86055H0.765362V7.56055H21.5114C21.5114 7.56055 19.8231 6.77042 18.56 5.37432C17.2969 3.97822 15.8564 1.90576 15.8564 1.90576C15.6026 1.65192 15.6026 1.24036 15.8564 0.986523C16.1103 0.732682 16.5218 0.732682 16.7757 0.986523Z\" fill=\"#F8F7F4\"><\/path><\/svg>\t\t\t<\/span>\n\t\t\t\t\t\t<span class=\"elementor-button-text\">Emmi-hylla<\/span>\n\t\t<\/span>\n\t\t\t\t\t<\/a>\n\t\t<\/div>\n\t\t\t\t<\/div>\n\t\t\t\t<\/div>\n\t\t\t\t<div class=\"elementor-element elementor-element-31a92a1 color-scheme-inherit text-left elementor-widget elementor-widget-text-editor\" data-id=\"31a92a1\" data-element_type=\"widget\" data-widget_type=\"text-editor.default\">\n\t\t\t\t<div class=\"elementor-widget-container\">\n\t\t\t\t\t\t\tEmmi-hyllan kan med f\u00f6rdel anv\u00e4ndas n\u00e4r extra yta beh\u00f6vs, till exempel p\u00e5 ett operationsbord eller vagn med en IVA-skena.\t\t\t\t\t\t<\/div>\n\t\t\t\t<\/div>\n\t\t\t\t\t<\/div>\n\t\t<\/div>\n\t\t\t\t<div class=\"elementor-column elementor-col-33 elementor-inner-column elementor-element elementor-element-a3bf017\" data-id=\"a3bf017\" data-element_type=\"column\">\n\t\t\t<div class=\"elementor-widget-wrap elementor-element-populated\">\n\t\t\t\t\t\t\t\t<div class=\"elementor-element elementor-element-ebd4854 elementor-widget elementor-widget-image\" data-id=\"ebd4854\" data-element_type=\"widget\" data-widget_type=\"image.default\">\n\t\t\t\t<div class=\"elementor-widget-container\">\n\t\t\t\t\t\t\t\t\t\t\t\t\t\t\t<img loading=\"lazy\" decoding=\"async\" width=\"1000\" height=\"1000\" src=\"https:\/\/svenskagoodmedical.com\/wp-content\/uploads\/2021\/09\/airerx_op_mat_1000x1000.jpg\" class=\"attachment-large size-large wp-image-1169\" alt=\"\" srcset=\"https:\/\/svenskagoodmedical.com\/wp-content\/uploads\/2021\/09\/airerx_op_mat_1000x1000.jpg 1000w, https:\/\/svenskagoodmedical.com\/wp-content\/uploads\/2021\/09\/airerx_op_mat_1000x1000-300x300.jpg 300w, https:\/\/svenskagoodmedical.com\/wp-content\/uploads\/2021\/09\/airerx_op_mat_1000x1000-150x150.jpg 150w, https:\/\/svenskagoodmedical.com\/wp-content\/uploads\/2021\/09\/airerx_op_mat_1000x1000-768x768.jpg 768w, https:\/\/svenskagoodmedical.com\/wp-content\/uploads\/2021\/09\/airerx_op_mat_1000x1000-12x12.jpg 12w, https:\/\/svenskagoodmedical.com\/wp-content\/uploads\/2021\/09\/airerx_op_mat_1000x1000-600x600.jpg 600w\" sizes=\"auto, (max-width: 1000px) 100vw, 1000px\" \/>\t\t\t\t\t\t\t\t\t\t\t\t\t\t\t<\/div>\n\t\t\t\t<\/div>\n\t\t\t\t<div class=\"elementor-element elementor-element-6c144a4 elementor-align-left elementor-widget elementor-widget-button\" data-id=\"6c144a4\" data-element_type=\"widget\" data-widget_type=\"button.default\">\n\t\t\t\t<div class=\"elementor-widget-container\">\n\t\t\t\t\t<div class=\"elementor-button-wrapper\">\n\t\t\t<a class=\"elementor-button elementor-button-link elementor-size-sm elementor-animation-shrink\" href=\"https:\/\/svenskagoodmedical.com\/sv\/produkt\/operation-mat\/\">\n\t\t\t\t\t\t<span class=\"elementor-button-content-wrapper\">\n\t\t\t\t\t\t<span class=\"elementor-button-icon elementor-align-icon-right\">\n\t\t\t\t<svg xmlns=\"http:\/\/www.w3.org\/2000\/svg\" width=\"24\" height=\"16\" viewbox=\"0 0 24 16\" fill=\"none\"><path fill-rule=\"evenodd\" clip-rule=\"evenodd\" d=\"M16.7757 0.986523C16.7757 0.986523 17.7622 3.00317 19.5129 4.75383C21.2635 6.50449 23.5402 7.75093 23.5402 7.75093C23.7941 8.00477 23.7941 8.41633 23.5402 8.67017C23.5402 8.67017 21.3894 9.80102 19.5129 11.1027C17.6364 12.4045 16.7757 15.4348 16.7757 15.4348C16.5218 15.6886 16.1103 15.6886 15.8564 15.4348C15.6026 15.181 15.7235 14.8589 15.8564 14.5156C15.8564 14.5156 16.5212 12.3991 18.006 11.1027C19.4907 9.80637 21.5114 8.86055 21.5114 8.86055H0.765362V7.56055H21.5114C21.5114 7.56055 19.8231 6.77042 18.56 5.37432C17.2969 3.97822 15.8564 1.90576 15.8564 1.90576C15.6026 1.65192 15.6026 1.24036 15.8564 0.986523C16.1103 0.732682 16.5218 0.732682 16.7757 0.986523Z\" fill=\"#F8F7F4\"><\/path><\/svg>\t\t\t<\/span>\n\t\t\t\t\t\t<span class=\"elementor-button-text\"> Operationsmatta<\/span>\n\t\t<\/span>\n\t\t\t\t\t<\/a>\n\t\t<\/div>\n\t\t\t\t<\/div>\n\t\t\t\t<\/div>\n\t\t\t\t<div class=\"elementor-element elementor-element-3854977 color-scheme-inherit text-left elementor-widget elementor-widget-text-editor\" data-id=\"3854977\" data-element_type=\"widget\" data-widget_type=\"text-editor.default\">\n\t\t\t\t<div class=\"elementor-widget-container\">\n\t\t\t\t\t\t\t<p>AireRx Operationsmatta lindrar trycket n\u00e4r du st\u00e5r upp under l\u00e5nga pass, det vill s\u00e4ga f\u00f6rb\u00e4ttrad ergonomi under operation och andra typer av st\u00e5ende arbete.<\/p>\t\t\t\t\t\t<\/div>\n\t\t\t\t<\/div>\n\t\t\t\t\t<\/div>\n\t\t<\/div>\n\t\t\t\t<div class=\"elementor-column elementor-col-33 elementor-inner-column elementor-element elementor-element-be79fdd\" data-id=\"be79fdd\" data-element_type=\"column\">\n\t\t\t<div class=\"elementor-widget-wrap elementor-element-populated\">\n\t\t\t\t\t\t\t\t<div class=\"elementor-element elementor-element-0fd55da elementor-widget elementor-widget-image\" data-id=\"0fd55da\" data-element_type=\"widget\" data-widget_type=\"image.default\">\n\t\t\t\t<div class=\"elementor-widget-container\">\n\t\t\t\t\t\t\t\t\t\t\t\t\t\t\t<img loading=\"lazy\" decoding=\"async\" width=\"300\" height=\"300\" src=\"https:\/\/svenskagoodmedical.com\/wp-content\/uploads\/2021\/09\/Fallksyddsmatta_1000x1000-300x300.jpg\" class=\"attachment-medium size-medium wp-image-1170\" alt=\"\" srcset=\"https:\/\/svenskagoodmedical.com\/wp-content\/uploads\/2021\/09\/Fallksyddsmatta_1000x1000-300x300.jpg 300w, https:\/\/svenskagoodmedical.com\/wp-content\/uploads\/2021\/09\/Fallksyddsmatta_1000x1000-150x150.jpg 150w, https:\/\/svenskagoodmedical.com\/wp-content\/uploads\/2021\/09\/Fallksyddsmatta_1000x1000-768x768.jpg 768w, https:\/\/svenskagoodmedical.com\/wp-content\/uploads\/2021\/09\/Fallksyddsmatta_1000x1000-12x12.jpg 12w, https:\/\/svenskagoodmedical.com\/wp-content\/uploads\/2021\/09\/Fallksyddsmatta_1000x1000-600x600.jpg 600w, https:\/\/svenskagoodmedical.com\/wp-content\/uploads\/2021\/09\/Fallksyddsmatta_1000x1000.jpg 1000w\" sizes=\"auto, (max-width: 300px) 100vw, 300px\" \/>\t\t\t\t\t\t\t\t\t\t\t\t\t\t\t<\/div>\n\t\t\t\t<\/div>\n\t\t\t\t<div class=\"elementor-element elementor-element-2011492 elementor-align-left elementor-widget elementor-widget-button\" data-id=\"2011492\" data-element_type=\"widget\" data-widget_type=\"button.default\">\n\t\t\t\t<div class=\"elementor-widget-container\">\n\t\t\t\t\t<div class=\"elementor-button-wrapper\">\n\t\t\t<a class=\"elementor-button elementor-button-link elementor-size-sm elementor-animation-shrink\" href=\"https:\/\/svenskagoodmedical.com\/sv\/produkt\/fall-protection-mat\/\">\n\t\t\t\t\t\t<span class=\"elementor-button-content-wrapper\">\n\t\t\t\t\t\t<span class=\"elementor-button-icon elementor-align-icon-right\">\n\t\t\t\t<svg xmlns=\"http:\/\/www.w3.org\/2000\/svg\" width=\"24\" height=\"16\" viewbox=\"0 0 24 16\" fill=\"none\"><path fill-rule=\"evenodd\" clip-rule=\"evenodd\" d=\"M16.7757 0.986523C16.7757 0.986523 17.7622 3.00317 19.5129 4.75383C21.2635 6.50449 23.5402 7.75093 23.5402 7.75093C23.7941 8.00477 23.7941 8.41633 23.5402 8.67017C23.5402 8.67017 21.3894 9.80102 19.5129 11.1027C17.6364 12.4045 16.7757 15.4348 16.7757 15.4348C16.5218 15.6886 16.1103 15.6886 15.8564 15.4348C15.6026 15.181 15.7235 14.8589 15.8564 14.5156C15.8564 14.5156 16.5212 12.3991 18.006 11.1027C19.4907 9.80637 21.5114 8.86055 21.5114 8.86055H0.765362V7.56055H21.5114C21.5114 7.56055 19.8231 6.77042 18.56 5.37432C17.2969 3.97822 15.8564 1.90576 15.8564 1.90576C15.6026 1.65192 15.6026 1.24036 15.8564 0.986523C16.1103 0.732682 16.5218 0.732682 16.7757 0.986523Z\" fill=\"#F8F7F4\"><\/path><\/svg>\t\t\t<\/span>\n\t\t\t\t\t\t<span class=\"elementor-button-text\">Fallskyddsmadrass<\/span>\n\t\t<\/span>\n\t\t\t\t\t<\/a>\n\t\t<\/div>\n\t\t\t\t<\/div>\n\t\t\t\t<\/div>\n\t\t\t\t<div class=\"elementor-element elementor-element-da8467e color-scheme-inherit text-left elementor-widget elementor-widget-text-editor\" data-id=\"da8467e\" data-element_type=\"widget\" data-widget_type=\"text-editor.default\">\n\t\t\t\t<div class=\"elementor-widget-container\">\n\t\t\t\t\t\t\tEn tv\u00e5delad madrass som skyddar, f\u00f6rhindrar och motverkar fallskador vid fall ur s\u00e4ngen.\t\t\t\t\t\t<\/div>\n\t\t\t\t<\/div>\n\t\t\t\t\t<\/div>\n\t\t<\/div>\n\t\t\t\t\t\t\t<\/div>\n\t\t<\/section>\n\t\t\t\t<section class=\"wd-negative-gap elementor-section elementor-inner-section elementor-element elementor-element-897955d elementor-section-boxed elementor-section-height-default elementor-section-height-default wd-section-disabled\" data-id=\"897955d\" data-element_type=\"section\">\n\t\t\t\t\t\t<div class=\"elementor-container elementor-column-gap-default\">\n\t\t\t\t\t<div class=\"elementor-column elementor-col-100 elementor-inner-column elementor-element elementor-element-aff3bc7\" data-id=\"aff3bc7\" data-element_type=\"column\">\n\t\t\t<div class=\"elementor-widget-wrap elementor-element-populated\">\n\t\t\t\t\t\t\t\t<div class=\"elementor-element elementor-element-a32e101 elementor-align-center elementor-invisible elementor-widget elementor-widget-button\" data-id=\"a32e101\" data-element_type=\"widget\" data-settings=\"{&quot;_animation&quot;:&quot;fadeInUp&quot;}\" data-widget_type=\"button.default\">\n\t\t\t\t<div class=\"elementor-widget-container\">\n\t\t\t\t\t<div class=\"elementor-button-wrapper\">\n\t\t\t<a class=\"elementor-button elementor-button-link elementor-size-sm\" href=\"https:\/\/svenskagoodmedical.com\/sv\/shop\/\">\n\t\t\t\t\t\t<span class=\"elementor-button-content-wrapper\">\n\t\t\t\t\t\t<span class=\"elementor-button-text\">Fler produkter<\/span>\n\t\t<\/span>\n\t\t\t\t\t<\/a>\n\t\t<\/div>\n\t\t\t\t<\/div>\n\t\t\t\t<\/div>\n\t\t\t\t\t<\/div>\n\t\t<\/div>\n\t\t\t\t\t\t\t<\/div>\n\t\t<\/section>\n\t\t\t\t\t<\/div>\n\t\t<\/div>\n\t\t\t\t\t\t\t<\/div>\n\t\t<\/section>\n\t\t\t\t<section class=\"elementor-section elementor-top-section elementor-element elementor-element-f51d757 elementor-section-full_width elementor-section-height-min-height wd-section-stretch elementor-section-height-default elementor-section-items-middle\" data-id=\"f51d757\" data-element_type=\"section\" data-settings=\"{&quot;background_background&quot;:&quot;classic&quot;}\">\n\t\t\t\t\t\t<div class=\"elementor-container elementor-column-gap-default\">\n\t\t\t\t\t<div class=\"elementor-column elementor-col-100 elementor-top-column elementor-element elementor-element-a36b3a6\" data-id=\"a36b3a6\" data-element_type=\"column\">\n\t\t\t<div class=\"elementor-widget-wrap elementor-element-populated\">\n\t\t\t\t\t\t\t\t<div class=\"elementor-element elementor-element-9be5768 elementor-widget elementor-widget-heading\" data-id=\"9be5768\" data-element_type=\"widget\" data-widget_type=\"heading.default\">\n\t\t\t\t<div class=\"elementor-widget-container\">\n\t\t\t<h2 class=\"elementor-heading-title elementor-size-default\">Sveriges leverant\u00f6r f\u00f6r l\u00f6sningar till globala medicintekniker<\/h2>\t\t<\/div>\n\t\t\t\t<\/div>\n\t\t\t\t\t<\/div>\n\t\t<\/div>\n\t\t\t\t\t\t\t<\/div>\n\t\t<\/section>\n\t\t\t\t<section class=\"elementor-section elementor-top-section elementor-element elementor-element-e525765 elementor-section-height-min-height wd-section-stretch elementor-section-boxed elementor-section-height-default elementor-section-items-middle\" data-id=\"e525765\" data-element_type=\"section\" data-settings=\"{&quot;background_background&quot;:&quot;classic&quot;}\">\n\t\t\t\t\t\t<div class=\"elementor-container elementor-column-gap-default\">\n\t\t\t\t\t<div class=\"elementor-column elementor-col-100 elementor-top-column elementor-element elementor-element-603cef4\" data-id=\"603cef4\" data-element_type=\"column\">\n\t\t\t<div class=\"elementor-widget-wrap elementor-element-populated\">\n\t\t\t\t\t\t\t\t<div class=\"elementor-element elementor-element-dae082e elementor-widget elementor-widget-heading\" data-id=\"dae082e\" data-element_type=\"widget\" data-widget_type=\"heading.default\">\n\t\t\t\t<div class=\"elementor-widget-container\">\n\t\t\t<h2 class=\"elementor-heading-title elementor-size-default\">Om Svenska Good Medical<\/h2>\t\t<\/div>\n\t\t\t\t<\/div>\n\t\t\t\t<div class=\"elementor-element elementor-element-e4e8924 text-center color-scheme-inherit elementor-widget elementor-widget-text-editor\" data-id=\"e4e8924\" data-element_type=\"widget\" data-widget_type=\"text-editor.default\">\n\t\t\t\t<div class=\"elementor-widget-container\">\n\t\t\t\t\t\t\t<p>Vi startade Svenska Good Medical AB 2009 med id\u00e9n att tillhandah\u00e5lla h\u00f6gkvalitativa svensktillverkade och egenproducerade produkter som \u00e4r designade och skyddade via immateriella r\u00e4ttigheter av Svenska Good Medical AB. Vi v\u00e4rdes\u00e4tter v\u00e5ra kunder och l\u00e5ngvariga relationer och en av v\u00e5ra viktigaste v\u00e4rden \u00e4r att v\u00e5ra produkter tillverkas i Sverige och \u00e4r milj\u00f6v\u00e4nliga.<\/p>\t\t\t\t\t\t<\/div>\n\t\t\t\t<\/div>\n\t\t\t\t<div class=\"elementor-element elementor-element-0901b76 elementor-align-center elementor-invisible elementor-widget elementor-widget-button\" data-id=\"0901b76\" data-element_type=\"widget\" data-settings=\"{&quot;_animation&quot;:&quot;fadeInUp&quot;}\" data-widget_type=\"button.default\">\n\t\t\t\t<div class=\"elementor-widget-container\">\n\t\t\t\t\t<div class=\"elementor-button-wrapper\">\n\t\t\t<a class=\"elementor-button elementor-button-link elementor-size-sm\" href=\"https:\/\/svenskagoodmedical.com\/sv\/about-us\/\">\n\t\t\t\t\t\t<span class=\"elementor-button-content-wrapper\">\n\t\t\t\t\t\t<span class=\"elementor-button-text\">L\u00e4s mer<\/span>\n\t\t<\/span>\n\t\t\t\t\t<\/a>\n\t\t<\/div>\n\t\t\t\t<\/div>\n\t\t\t\t<\/div>\n\t\t\t\t\t<\/div>\n\t\t<\/div>\n\t\t\t\t\t\t\t<\/div>\n\t\t<\/section>\n\t\t\t\t\t\t\t<\/div>","protected":false},"excerpt":{"rendered":"<p>We improve health and care processes. Good medical is offering unique quality product for the health care sector with amazing<\/p>","protected":false},"author":1,"featured_media":0,"parent":0,"menu_order":0,"comment_status":"closed","ping_status":"closed","template":"","meta":{"inline_featured_image":false,"footnotes":""},"class_list":["post-23","page","type-page","status-publish","hentry"],"acf":[],"_links":{"self":[{"href":"https:\/\/svenskagoodmedical.com\/sv\/wp-json\/wp\/v2\/pages\/23","targetHints":{"allow":["GET"]}}],"collection":[{"href":"https:\/\/svenskagoodmedical.com\/sv\/wp-json\/wp\/v2\/pages"}],"about":[{"href":"https:\/\/svenskagoodmedical.com\/sv\/wp-json\/wp\/v2\/types\/page"}],"author":[{"embeddable":true,"href":"https:\/\/svenskagoodmedical.com\/sv\/wp-json\/wp\/v2\/users\/1"}],"replies":[{"embeddable":true,"href":"https:\/\/svenskagoodmedical.com\/sv\/wp-json\/wp\/v2\/comments?post=23"}],"version-history":[{"count":228,"href":"https:\/\/svenskagoodmedical.com\/sv\/wp-json\/wp\/v2\/pages\/23\/revisions"}],"predecessor-version":[{"id":1638,"href":"https:\/\/svenskagoodmedical.com\/sv\/wp-json\/wp\/v2\/pages\/23\/revisions\/1638"}],"wp:attachment":[{"href":"https:\/\/svenskagoodmedical.com\/sv\/wp-json\/wp\/v2\/media?parent=23"}],"curies":[{"name":"wp","href":"https:\/\/api.w.org\/{rel}","templated":true}]}}