{"id":1647,"date":"2024-03-27T09:11:34","date_gmt":"2024-03-27T08:11:34","guid":{"rendered":"https:\/\/svenskagoodmedical.com\/?page_id=1647"},"modified":"2024-03-27T11:25:00","modified_gmt":"2024-03-27T10:25:00","slug":"cookies","status":"publish","type":"page","link":"https:\/\/svenskagoodmedical.com\/sv\/cookies\/","title":{"rendered":"Cookies"},"content":{"rendered":"<div data-elementor-type=\"wp-page\" data-elementor-id=\"1647\" class=\"elementor elementor-1647\" data-elementor-post-type=\"page\">\n\t\t\t\t\t\t\t\t\t<section class=\"elementor-section elementor-top-section elementor-element elementor-element-755a751 elementor-section-height-min-height wd-section-stretch elementor-section-boxed elementor-section-height-default elementor-section-items-middle\" data-id=\"755a751\" data-element_type=\"section\" data-settings=\"{&quot;background_background&quot;:&quot;classic&quot;}\">\n\t\t\t\t\t\t\t<div class=\"elementor-background-overlay\"><\/div>\n\t\t\t\t\t\t\t<div class=\"elementor-container elementor-column-gap-default\">\n\t\t\t\t\t<div class=\"elementor-column elementor-col-100 elementor-top-column elementor-element elementor-element-6abc1cc\" data-id=\"6abc1cc\" data-element_type=\"column\">\n\t\t\t<div class=\"elementor-widget-wrap elementor-element-populated\">\n\t\t\t\t\t\t\t\t<div class=\"elementor-element elementor-element-3673c25 elementor-widget elementor-widget-heading\" data-id=\"3673c25\" data-element_type=\"widget\" data-widget_type=\"heading.default\">\n\t\t\t\t<div class=\"elementor-widget-container\">\n\t\t\t<h2 class=\"elementor-heading-title elementor-size-default\">Cookies<\/h2>\t\t<\/div>\n\t\t\t\t<\/div>\n\t\t\t\t\t<\/div>\n\t\t<\/div>\n\t\t\t\t\t\t\t<\/div>\n\t\t<\/section>\n\t\t\t\t<section class=\"elementor-section elementor-top-section elementor-element elementor-element-e038265 elementor-section-height-min-height wd-section-stretch elementor-section-boxed elementor-section-height-default elementor-section-items-middle\" data-id=\"e038265\" data-element_type=\"section\" data-settings=\"{&quot;background_background&quot;:&quot;classic&quot;}\">\n\t\t\t\t\t\t<div class=\"elementor-container elementor-column-gap-default\">\n\t\t\t\t\t<div class=\"elementor-column elementor-col-100 elementor-top-column elementor-element elementor-element-f2a0c51\" data-id=\"f2a0c51\" data-element_type=\"column\">\n\t\t\t<div class=\"elementor-widget-wrap elementor-element-populated\">\n\t\t\t\t\t\t\t\t<div class=\"elementor-element elementor-element-7104bd5 elementor-widget elementor-widget-heading\" data-id=\"7104bd5\" data-element_type=\"widget\" data-widget_type=\"heading.default\">\n\t\t\t\t<div class=\"elementor-widget-container\">\n\t\t\t<h2 class=\"elementor-heading-title elementor-size-default\">Information om cookies<\/h2>\t\t<\/div>\n\t\t\t\t<\/div>\n\t\t\t\t<div class=\"elementor-element elementor-element-47f0e58 color-scheme-inherit text-left elementor-widget elementor-widget-text-editor\" data-id=\"47f0e58\" data-element_type=\"widget\" data-widget_type=\"text-editor.default\">\n\t\t\t\t<div class=\"elementor-widget-container\">\n\t\t\t\t\t\t\t<h3>Cookiepolicy<\/h3><p>Denna cookiepolicy f\u00f6rklarar hur Svenska Good Medical AB anv\u00e4nder cookies och liknande sp\u00e5rningstekniker n\u00e4r du bes\u00f6ker https:\/\/svenskagoodmedical.com\/sv\/.<\/p><p><b>Vad \u00e4r<\/b> <strong>cookies?<\/strong><\/p><p><span style=\"font-weight: 400;\">Cookies \u00e4r sm\u00e5 textfiler som lagras p\u00e5 din enhet (dator, smartphone, surfplatta osv.) n\u00e4r du bes\u00f6ker en webbplats. De anv\u00e4nds f\u00f6r att f\u00e5 webbplatser att fungera eller f\u00f6r att f\u00f6rb\u00e4ttra deras effektivitet, samt f\u00f6r att tillhandah\u00e5lla olika typer av information till webbplats\u00e4gare.<\/span><\/p><p>Cookietyper<\/p><p><b>N\u00f6dv\u00e4ndiga cookies<\/b><\/p><p><span style=\"font-weight: 400;\">Dessa cookies \u00e4r n\u00f6dv\u00e4ndiga f\u00f6r att v\u00e5r webbplats ska fungera korrekt. De g\u00f6r det m\u00f6jligt f\u00f6r dig att navigera p\u00e5 v\u00e5r webbplats och anv\u00e4nda dess funktioner. Dessa cookies g\u00e5r d\u00e4rf\u00f6r inte att st\u00e4nga av.<\/span><\/p><p><b>Funktionella cookies<\/b><\/p><p><span style=\"font-weight: 400;\">Dessa cookies \u00e4r utformade f\u00f6r att f\u00f6rb\u00e4ttra anv\u00e4ndarupplevelsen p\u00e5 v\u00e5r webbplats genom att m\u00f6jligg\u00f6ra funktioner som exempelvis inst\u00e4llningar f\u00f6r spr\u00e5kval. Till skillnad fr\u00e5n strikt n\u00f6dv\u00e4ndiga cookies, som \u00e4r avg\u00f6rande f\u00f6r webbplatsens funktion, bidrar funktionella cookies till att g\u00f6ra v\u00e5r webbplats mer personlig och effektiv f\u00f6r anv\u00e4ndaren. D\u00e4remot \u00e4r de inte absolut n\u00f6dv\u00e4ndiga f\u00f6r webbplatsens grundl\u00e4ggande funktioner och g\u00e5r d\u00e4rmed att st\u00e4nga av.<\/span><\/p><p><b>Prestandacookies<\/b><\/p><p><span style=\"font-weight: 400;\">Dessa cookies samlar information om hur du anv\u00e4nder v\u00e5r webbplats. Huvudsyftet med dem \u00e4r att f\u00f6rb\u00e4ttra webbplatsens funktion och anv\u00e4ndarupplevelse. Detta sker genom att vi genom anonymt samlar in data som hj\u00e4lper oss att f\u00f6rst\u00e5 hur bes\u00f6kare interagerar med webbplatsen, vilket i sin tur m\u00f6jligg\u00f6r f\u00f6rb\u00e4ttringar baserat p\u00e5 denna anv\u00e4ndardata.\u00a0<\/span><\/p><p><b>Marknadsf\u00f6ringscookies<\/b><\/p><p><span style=\"font-weight: 400;\">Dessa cookies anv\u00e4nds f\u00f6r att samla in information om v\u00e5ra bes\u00f6kares surfvanor och preferenser f\u00f6r att sedan kunna ge relevanta och personligt anpassade annonser. Vi kan ocks\u00e5 dela denna information med tredje parter f\u00f6r detta \u00e4ndam\u00e5l. Genom att godk\u00e4nna dessa cookies identifieras du genom din webbl\u00e4sare eller din digitala enhet.\u00a0<\/span><\/p><p><b>Hur du inaktiverar cookies<\/b><\/p><p><span style=\"font-weight: 400;\">Du kan f\u00f6rhindra att cookies st\u00e4lls in genom att justera inst\u00e4llningarna i din webbl\u00e4sare (se nedan hj\u00e4lpavsnitt f\u00f6r din webbl\u00e4sare). Var medveten om att inaktivering av cookies kommer att p\u00e5verka funktionaliteten p\u00e5 denna och m\u00e5nga andra webbplatser som du bes\u00f6ker. Att inaktivera cookies kommer vanligtvis ocks\u00e5 att resultera i att viss funktionalitet och funktioner p\u00e5 denna webbplats inaktiveras. D\u00e4rf\u00f6r rekommenderas det att du inte inaktiverar cookies.<\/span><\/p><p><a href=\"https:\/\/support.microsoft.com\/en-us\/microsoft-edge\/view-cookies-in-microsoft-edge-a7d95376-f2cd-8e4a-25dc-1de753474879#:~:text=Open%20Microsoft%20Edge%20and%20then,set%20specific%20controls%20for%20cookies.\"><span style=\"font-weight: 400;\">Microsoft Edge<\/span><\/a><\/p><p><a href=\"https:\/\/support.mozilla.org\/en-US\/kb\/cookies-information-websites-store-on-your-computer?redirectlocale=en-US&amp;redirectslug=Cookies\"><span style=\"font-weight: 400;\">Firefox<\/span><\/a><\/p><p><a href=\"https:\/\/support.google.com\/chrome\/answer\/95647?hl=en\"><span style=\"font-weight: 400;\">Chrome<\/span><\/a><\/p><p><a href=\"https:\/\/help.apple.com\/safari\/mac\/8.0\/en.lproj\/sfri11471.html\"><span style=\"font-weight: 400;\">Safari<\/span><\/a><\/p><p><b>Lagringstider<\/b><\/p><p><span style=\"font-weight: 400;\">Lagringstiden f\u00f6r cookies kan delas in i tv\u00e5 kategorier, antingen \u00e4r de sessionsbaserade cookies eller tidsbegr\u00e4nsade cookies. Sessionscookies \u00e4r tillf\u00e4lliga och lagras endast i bes\u00f6karens webbl\u00e4sare under den aktuella sessionen. De tas automatiskt bort n\u00e4r webbl\u00e4saren st\u00e4ngs. Tidsbegr\u00e4nsade cookies har en f\u00f6rutbest\u00e4md livsl\u00e4ngd som kvarst\u00e5r p\u00e5 anv\u00e4ndarens enhet under den angivna perioden och \u00e4ven efter att anv\u00e4ndaren har st\u00e4ngt ned webbl\u00e4saren.<\/span><\/p><p><b>\u00c4ndringar i v\u00e5r cookiepolicy<\/b><\/p><p><span style=\"font-weight: 400;\">Vi kan uppdatera v\u00e5r cookiepolicy fr\u00e5n tid till annan. Eventuella \u00e4ndringar vi g\u00f6r kommer att publiceras p\u00e5 denna sida med ett uppdaterat revisionsdatum.<\/span><\/p><p><span style=\"font-weight: 400;\">Senast uppdaterad: 2024-03-26<\/span><\/p><p><br \/>Cookielista<\/p><p><b>N\u00f6dv\u00e4ndiga cookies<\/b><\/p><p><span style=\"font-weight: 400;\">Sajten anv\u00e4nder inga n\u00f6dv\u00e4ndiga cookies.<\/span><\/p><p><b><br \/>Funktionella cookies<\/b><\/p><p><span style=\"font-weight: 400;\">Sajten anv\u00e4nder inga funktionella cookies.<\/span><\/p><p><b><br \/>Prestandacookies<\/b><\/p>\t\t\t\t\t\t<\/div>\n\t\t\t\t<\/div>\n\t\t\t\t<div class=\"elementor-element elementor-element-fb423f9 elementor-widget elementor-widget-global elementor-global-1677 elementor-widget-wd_table\" data-id=\"fb423f9\" data-element_type=\"widget\" data-widget_type=\"wd_table.default\">\n\t\t\t\t<div class=\"elementor-widget-container\">\n\t\t\t\t\t<div class=\"wd-el-table-wrap wd-reset-all-last\">\n\t\t\t<table class=\"wd-el-table\">\n\t\t\t\t\t\t\t\t\t<thead class=\"text-left\">\n\t\t\t\t\t\t\t\t\t\t\t\t\t\t\t\t\t\t\t\t\t\t\t\t\t\t\t\t\t\t<tr class=\"wd-table-row elementor-repeater-item-2dfe180\">\n\t\t\t\t\t\t\t\t\t\t\t\t\t\t\t\t\t\t\t\t\t\t\t\t\t\t\t\t\t\t\t\t\t\t\t\t<th class=\"wd-table-cell elementor-repeater-item-c2cc98f\" colspan=\"1\" rowspan=\"1\">\n\t\t\t\t\t\t\t\t\t<p>Leverant\u00f6r<\/p>\t\t\t\t\t\t\t\t<\/th>\n\t\t\t\t\t\t\t\t\t\t\t\t\t\t\t\t\t\t\t\t\t\t\t\t\t\t\t\t<th class=\"wd-table-cell elementor-repeater-item-c4be265\" colspan=\"1\" rowspan=\"1\">\n\t\t\t\t\t\t\t\t\t<p><b>Cookie<\/b><\/p>\t\t\t\t\t\t\t\t<\/th>\n\t\t\t\t\t\t\t\t\t\t\t\t\t\t\t\t\t\t\t\t\t\t\t\t\t\t\t\t<th class=\"wd-table-cell elementor-repeater-item-4640108\" colspan=\"1\" rowspan=\"1\">\n\t\t\t\t\t\t\t\t\t<p>Cookietyp<\/p>\t\t\t\t\t\t\t\t<\/th>\n\t\t\t\t\t\t\t\t\t\t\t\t\t\t\t\t\t\t\t\t\t\t\t\t\t\t\t\t<th class=\"wd-table-cell elementor-repeater-item-7c5c67f\" colspan=\"1\" rowspan=\"1\">\n\t\t\t\t\t\t\t\t\t<p>Beskrivning<\/p>\t\t\t\t\t\t\t\t<\/th>\n\t\t\t\t\t\t\t\t\t\t\t\t\t\t\t\t\t\t\t\t\t\t\t\t\t\t\t\t<th class=\"wd-table-cell elementor-repeater-item-8bce1df\" colspan=\"1\" rowspan=\"1\">\n\t\t\t\t\t\t\t\t\t<p>Livsl\u00e4ngd<\/p>\t\t\t\t\t\t\t\t<\/th>\n\t\t\t\t\t\t\t\t\t\t\t\t\t\t\t\t\t\t\t<\/tr>\n\t\t\t\t\t<\/thead>\n\t\t\t\t\n\t\t\t\t<tbody class=\"text-left\">\n\t\t\t\t\t\t\t\t\t\t\t\t\t\t\t\t\t\t\t\t\t\t\t\t\t\t<tr class=\"wd-table-row elementor-repeater-item-421480f\">\n\t\t\t\t\t\t\t\t\t\t\t\t\t\t\t\t\t\t\t\t\t\t\t\t\t\t\t\t\t\t\t<td class=\"wd-table-cell elementor-repeater-item-74465c9\" colspan=\"1\" rowspan=\"1\">\n\t\t\t\t\t\t\t<p>Svenska Good Medical<\/p>\t\t\t\t\t\t\t<\/td>\n\t\t\t\t\t\t\t\t\t\t\t\t\t\t\t\t\t\t\t\t\t\t\t\t<td class=\"wd-table-cell elementor-repeater-item-402996e\" colspan=\"1\" rowspan=\"1\">\n\t\t\t\t\t\t\t<p><span style=\"font-weight: 400\">_gid<\/span><\/p>\t\t\t\t\t\t\t<\/td>\n\t\t\t\t\t\t\t\t\t\t\t\t\t\t\t\t\t\t\t\t\t\t\t\t<td class=\"wd-table-cell elementor-repeater-item-1c8c805\" colspan=\"1\" rowspan=\"1\">\n\t\t\t\t\t\t\t<p><span style=\"font-weight: 400\">F\u00f6rstapart<\/span><\/p>\t\t\t\t\t\t\t<\/td>\n\t\t\t\t\t\t\t\t\t\t\t\t\t\t\t\t\t\t\t\t\t\t\t\t<td class=\"wd-table-cell elementor-repeater-item-cb32130\" colspan=\"1\" rowspan=\"1\">\n\t\t\t\t\t\t\t<p>Den h\u00e4r cookien st\u00e4lls in av Google Analytics. Den lagrar och uppdaterar ett unikt v\u00e4rde f\u00f6r varje bes\u00f6kt sida och anv\u00e4nds f\u00f6r att r\u00e4kna och sp\u00e5ra sidvisningar.<\/p>\t\t\t\t\t\t\t<\/td>\n\t\t\t\t\t\t\t\t\t\t\t\t\t\t\t\t\t\t\t\t\t\t\t\t<td class=\"wd-table-cell elementor-repeater-item-e537937\" colspan=\"1\" rowspan=\"1\">\n\t\t\t\t\t\t\t<p>1 dag<\/p>\t\t\t\t\t\t\t<\/td>\n\t\t\t\t\t\t\t\t\t\t\t\t\t\t\t\t\t\t\t\t\t\t\t\t\t\t\t\t\t\t\t\t<\/tr>\n\t\t\t\t\t\t\t\t<tr class=\"wd-table-row elementor-repeater-item-240957b\">\n\t\t\t\t\t\t\t\t\t\t\t\t\t\t\t\t\t\t\t\t\t\t\t\t\t\t\t\t\t\t\t<td class=\"wd-table-cell elementor-repeater-item-a4c00ac\" colspan=\"1\" rowspan=\"1\">\n\t\t\t\t\t\t\t<p>Svenska Good Medical<\/p>\t\t\t\t\t\t\t<\/td>\n\t\t\t\t\t\t\t\t\t\t\t\t\t\t\t\t\t\t\t\t\t\t\t\t<td class=\"wd-table-cell elementor-repeater-item-625bc5c\" colspan=\"1\" rowspan=\"1\">\n\t\t\t\t\t\t\t<p>_gat_UA-209442084-3<\/p>\t\t\t\t\t\t\t<\/td>\n\t\t\t\t\t\t\t\t\t\t\t\t\t\t\t\t\t\t\t\t\t\t\t\t<td class=\"wd-table-cell elementor-repeater-item-f2f4f46\" colspan=\"1\" rowspan=\"1\">\n\t\t\t\t\t\t\t<p>F\u00f6rstapart<\/p>\t\t\t\t\t\t\t<\/td>\n\t\t\t\t\t\t\t\t\t\t\t\t\t\t\t\t\t\t\t\t\t\t\t\t<td class=\"wd-table-cell elementor-repeater-item-8fa6563\" colspan=\"1\" rowspan=\"1\">\n\t\t\t\t\t\t\t<p>Det h\u00e4r \u00e4r en m\u00f6nstercookie fr\u00e5n Google Analytics. M\u00f6nsterdelen i namnet inneh\u00e5ller det unika ID-numret f\u00f6r det konto eller den webbplats som cookien \u00e4r kopplad till. Den \u00e4r en variant av cookien _gat och anv\u00e4nds f\u00f6r att begr\u00e4nsa m\u00e4ngden data som Google samlar in fr\u00e5n webbplatser med h\u00f6g trafikvolym.<\/p>\t\t\t\t\t\t\t<\/td>\n\t\t\t\t\t\t\t\t\t\t\t\t\t\t\t\t\t\t\t\t\t\t\t\t<td class=\"wd-table-cell elementor-repeater-item-0930f07\" colspan=\"1\" rowspan=\"1\">\n\t\t\t\t\t\t\t<p>53 sekunder<\/p>\t\t\t\t\t\t\t<\/td>\n\t\t\t\t\t\t\t\t\t\t\t\t\t\t\t\t\t\t\t\t\t\t\t\t\t\t\t\t\t\t\t\t<\/tr>\n\t\t\t\t\t\t\t\t<tr class=\"wd-table-row elementor-repeater-item-183396c\">\n\t\t\t\t\t\t\t\t\t\t\t\t\t\t\t\t\t\t\t\t\t\t\t\t\t\t\t\t\t\t\t<td class=\"wd-table-cell elementor-repeater-item-eb0b9b2\" colspan=\"1\" rowspan=\"1\">\n\t\t\t\t\t\t\t<p>Svenska Good Medical<\/p>\t\t\t\t\t\t\t<\/td>\n\t\t\t\t\t\t\t\t\t\t\t\t\t\t\t\t\t\t\t\t\t\t\t\t<td class=\"wd-table-cell elementor-repeater-item-6795b9d\" colspan=\"1\" rowspan=\"1\">\n\t\t\t\t\t\t\t<p>_ga_EKZD7W0PHX<\/p>\t\t\t\t\t\t\t<\/td>\n\t\t\t\t\t\t\t\t\t\t\t\t\t\t\t\t\t\t\t\t\t\t\t\t<td class=\"wd-table-cell elementor-repeater-item-36a3a18\" colspan=\"1\" rowspan=\"1\">\n\t\t\t\t\t\t\t<p>F\u00f6rstapart<\/p>\t\t\t\t\t\t\t<\/td>\n\t\t\t\t\t\t\t\t\t\t\t\t\t\t\t\t\t\t\t\t\t\t\t\t<td class=\"wd-table-cell elementor-repeater-item-0ed97eb\" colspan=\"1\" rowspan=\"1\">\n\t\t\t\t\t\t\t<p>Denna cookie anv\u00e4nds av Google Analytics f\u00f6r att bevara sessionstillst\u00e5ndet.<\/p>\t\t\t\t\t\t\t<\/td>\n\t\t\t\t\t\t\t\t\t\t\t\t\t\t\t\t\t\t\t\t\t\t\t\t<td class=\"wd-table-cell elementor-repeater-item-255abcd\" colspan=\"1\" rowspan=\"1\">\n\t\t\t\t\t\t\t<p>1 \u00e5r 1 m\u00e5nad<\/p>\t\t\t\t\t\t\t<\/td>\n\t\t\t\t\t\t\t\t\t\t\t\t\t\t\t\t\t\t\t\t\t\t\t\t\t\t\t\t\t\t\t\t<\/tr>\n\t\t\t\t\t\t\t\t<tr class=\"wd-table-row elementor-repeater-item-a164d4c\">\n\t\t\t\t\t\t\t\t\t\t\t\t\t\t\t\t\t\t\t\t\t\t\t\t\t\t\t\t\t\t\t<td class=\"wd-table-cell elementor-repeater-item-9333920\" colspan=\"1\" rowspan=\"1\">\n\t\t\t\t\t\t\t<p>Svenska Good Medical<\/p>\t\t\t\t\t\t\t<\/td>\n\t\t\t\t\t\t\t\t\t\t\t\t\t\t\t\t\t\t\t\t\t\t\t\t<td class=\"wd-table-cell elementor-repeater-item-0d39ec8\" colspan=\"1\" rowspan=\"1\">\n\t\t\t\t\t\t\t<p>_ga<\/p>\t\t\t\t\t\t\t<\/td>\n\t\t\t\t\t\t\t\t\t\t\t\t\t\t\t\t\t\t\t\t\t\t\t\t<td class=\"wd-table-cell elementor-repeater-item-6ac39fa\" colspan=\"1\" rowspan=\"1\">\n\t\t\t\t\t\t\t<p>F\u00f6rstapart<\/p>\t\t\t\t\t\t\t<\/td>\n\t\t\t\t\t\t\t\t\t\t\t\t\t\t\t\t\t\t\t\t\t\t\t\t<td class=\"wd-table-cell elementor-repeater-item-b080dea\" colspan=\"1\" rowspan=\"1\">\n\t\t\t\t\t\t\t<p>Det h\u00e4r cookie-namnet \u00e4r associerat med Google Universal Analytics \u2013 vilket var en betydande uppdatering till Googles tidigare analysverktyg. Den h\u00e4r cookien anv\u00e4nds f\u00f6r att skilja unika anv\u00e4ndare \u00e5t genom att tilldela ett slumpm\u00e4ssigt genererat nummer som en klientidentifierare. Den ing\u00e5r i varje sidf\u00f6rfr\u00e5gan p\u00e5 en webbplats och anv\u00e4nds f\u00f6r att ber\u00e4kna bes\u00f6kar-, sessions- och kampanjdata f\u00f6r webbplatsens analysrapporter.<\/p>\t\t\t\t\t\t\t<\/td>\n\t\t\t\t\t\t\t\t\t\t\t\t\t\t\t\t\t\t\t\t\t\t\t\t<td class=\"wd-table-cell elementor-repeater-item-9e6d388\" colspan=\"1\" rowspan=\"1\">\n\t\t\t\t\t\t\t<p>1 \u00e5r 1 m\u00e5nad<\/p>\t\t\t\t\t\t\t<\/td>\n\t\t\t\t\t\t\t\t\t\t\t\t\t\t\t\t\t\t\t\t\t\t\t\t\t\t\t\t\t\t\t\t<\/tr>\n\t\t\t\t\t\t\t\t<tr class=\"wd-table-row elementor-repeater-item-bb2410d\">\n\t\t\t\t\t\t\t\t\t\t\t\t\t\t\t\t\t\t\t\t\t\t\t\t\t\t\t\t\t\t\t<td class=\"wd-table-cell elementor-repeater-item-0816524\" colspan=\"1\" rowspan=\"1\">\n\t\t\t\t\t\t\t<p>Svenska Good Medical<\/p>\t\t\t\t\t\t\t<\/td>\n\t\t\t\t\t\t\t\t\t\t\t\t\t\t\t\t\t\t\t\t\t\t\t\t<td class=\"wd-table-cell elementor-repeater-item-87d1dc0\" colspan=\"1\" rowspan=\"1\">\n\t\t\t\t\t\t\t<p><span style=\"font-weight: 400\">_ga_6611PYPBWZ<\/span><\/p>\t\t\t\t\t\t\t<\/td>\n\t\t\t\t\t\t\t\t\t\t\t\t\t\t\t\t\t\t\t\t\t\t\t\t<td class=\"wd-table-cell elementor-repeater-item-8f8ade0\" colspan=\"1\" rowspan=\"1\">\n\t\t\t\t\t\t\t<p>F\u00f6rstapart<\/p>\t\t\t\t\t\t\t<\/td>\n\t\t\t\t\t\t\t\t\t\t\t\t\t\t\t\t\t\t\t\t\t\t\t\t<td class=\"wd-table-cell elementor-repeater-item-cd11eb8\" colspan=\"1\" rowspan=\"1\">\n\t\t\t\t\t\t\t<p>Den h\u00e4r cookien anv\u00e4nds av Google Analytics f\u00f6r att bevara sessionens tillst\u00e5nd.<\/p>\t\t\t\t\t\t\t<\/td>\n\t\t\t\t\t\t\t\t\t\t\t\t\t\t\t\t\t\t\t\t\t\t\t\t<td class=\"wd-table-cell elementor-repeater-item-1a486eb\" colspan=\"1\" rowspan=\"1\">\n\t\t\t\t\t\t\t<p>1 \u00e5r 1 m\u00e5nad<\/p>\t\t\t\t\t\t\t<\/td>\n\t\t\t\t\t\t\t\t\t\t\t\t\t\t\t\t\t\t\t\t\t\t\t\t\t\t\t\t\t\t\t\t<\/tr>\n\t\t\t\t\t\t\t\t<tr class=\"wd-table-row elementor-repeater-item-8a406fd\">\n\t\t\t\t\t\t\t\t\t\t\t\t\t\t\t\t\t\t\t\t\t\t\t\t\t\t\t\t\t\t\t<td class=\"wd-table-cell elementor-repeater-item-e229d48\" colspan=\"1\" rowspan=\"1\">\n\t\t\t\t\t\t\t<p>Svenska Good Medical<\/p>\t\t\t\t\t\t\t<\/td>\n\t\t\t\t\t\t\t\t\t\t\t\t\t\t\t\t\t\t\t\t\t\t\t\t<td class=\"wd-table-cell elementor-repeater-item-7ff16e4\" colspan=\"1\" rowspan=\"1\">\n\t\t\t\t\t\t\t<p>woodmart_recently_viewed_products<\/p>\t\t\t\t\t\t\t<\/td>\n\t\t\t\t\t\t\t\t\t\t\t\t\t\t\t\t\t\t\t\t\t\t\t\t<td class=\"wd-table-cell elementor-repeater-item-16952b1\" colspan=\"1\" rowspan=\"1\">\n\t\t\t\t\t\t\t<p>F\u00f6rstapart<\/p>\t\t\t\t\t\t\t<\/td>\n\t\t\t\t\t\t\t\t\t\t\t\t\t\t\t\t\t\t\t\t\t\t\t\t<td class=\"wd-table-cell elementor-repeater-item-705fb63\" colspan=\"1\" rowspan=\"1\">\n\t\t\t\t\t\t\t<p>Sparar de produkter bes\u00f6karen nyligen har tittat p\u00e5.<\/p>\t\t\t\t\t\t\t<\/td>\n\t\t\t\t\t\t\t\t\t\t\t\t\t\t\t\t\t\t\t\t\t\t\t\t<td class=\"wd-table-cell elementor-repeater-item-e6d6170\" colspan=\"1\" rowspan=\"1\">\n\t\t\t\t\t\t\t<p>Session<\/p>\t\t\t\t\t\t\t<\/td>\n\t\t\t\t\t\t\t\t\t\t\t\t\t\t\t\t<\/tr>\n\t\t\t\t<\/tbody>\n\t\t\t<\/table>\n\t\t<\/div>\n\t\t\t\t<\/div>\n\t\t\t\t<\/div>\n\t\t\t\t<div class=\"elementor-element elementor-element-ad1b134 color-scheme-inherit text-left elementor-widget elementor-widget-text-editor\" data-id=\"ad1b134\" data-element_type=\"widget\" data-widget_type=\"text-editor.default\">\n\t\t\t\t<div class=\"elementor-widget-container\">\n\t\t\t\t\t\t\t<p>\u00a0<\/p><p><b>Marknadsf\u00f6ringscookies<\/b><\/p>\t\t\t\t\t\t<\/div>\n\t\t\t\t<\/div>\n\t\t\t\t<div class=\"elementor-element elementor-element-a1c7648 elementor-widget elementor-widget-wd_table\" data-id=\"a1c7648\" data-element_type=\"widget\" data-widget_type=\"wd_table.default\">\n\t\t\t\t<div class=\"elementor-widget-container\">\n\t\t\t\t\t<div class=\"wd-el-table-wrap wd-reset-all-last\">\n\t\t\t<table class=\"wd-el-table\">\n\t\t\t\t\t\t\t\t\t<thead class=\"text-left\">\n\t\t\t\t\t\t\t\t\t\t\t\t\t\t\t\t\t\t\t\t\t\t\t\t\t\t\t\t\t\t<tr class=\"wd-table-row elementor-repeater-item-2dfe180\">\n\t\t\t\t\t\t\t\t\t\t\t\t\t\t\t\t\t\t\t\t\t\t\t\t\t\t\t\t\t\t\t\t\t\t\t\t<th class=\"wd-table-cell elementor-repeater-item-c2cc98f\" colspan=\"1\" rowspan=\"1\">\n\t\t\t\t\t\t\t\t\t<p>Leverant\u00f6r<\/p>\t\t\t\t\t\t\t\t<\/th>\n\t\t\t\t\t\t\t\t\t\t\t\t\t\t\t\t\t\t\t\t\t\t\t\t\t\t\t\t<th class=\"wd-table-cell elementor-repeater-item-c4be265\" colspan=\"1\" rowspan=\"1\">\n\t\t\t\t\t\t\t\t\t<p><b>Cookie<\/b><\/p>\t\t\t\t\t\t\t\t<\/th>\n\t\t\t\t\t\t\t\t\t\t\t\t\t\t\t\t\t\t\t\t\t\t\t\t\t\t\t\t<th class=\"wd-table-cell elementor-repeater-item-4640108\" colspan=\"1\" rowspan=\"1\">\n\t\t\t\t\t\t\t\t\t<p>Cookietyp<\/p>\t\t\t\t\t\t\t\t<\/th>\n\t\t\t\t\t\t\t\t\t\t\t\t\t\t\t\t\t\t\t\t\t\t\t\t\t\t\t\t<th class=\"wd-table-cell elementor-repeater-item-7c5c67f\" colspan=\"1\" rowspan=\"1\">\n\t\t\t\t\t\t\t\t\t<p>Beskrivning<\/p>\t\t\t\t\t\t\t\t<\/th>\n\t\t\t\t\t\t\t\t\t\t\t\t\t\t\t\t\t\t\t\t\t\t\t\t\t\t\t\t<th class=\"wd-table-cell elementor-repeater-item-8bce1df\" colspan=\"1\" rowspan=\"1\">\n\t\t\t\t\t\t\t\t\t<p>Livsl\u00e4ngd<\/p>\t\t\t\t\t\t\t\t<\/th>\n\t\t\t\t\t\t\t\t\t\t\t\t\t\t\t\t\t\t\t<\/tr>\n\t\t\t\t\t<\/thead>\n\t\t\t\t\n\t\t\t\t<tbody class=\"text-left\">\n\t\t\t\t\t\t\t\t\t\t\t\t\t\t\t\t\t\t\t\t\t\t\t\t\t\t<tr class=\"wd-table-row elementor-repeater-item-421480f\">\n\t\t\t\t\t\t\t\t\t\t\t\t\t\t\t\t\t\t\t\t\t\t\t\t\t\t\t\t\t\t\t<td class=\"wd-table-cell elementor-repeater-item-74465c9\" colspan=\"1\" rowspan=\"1\">\n\t\t\t\t\t\t\t<p>Svenska Good Medical<\/p>\t\t\t\t\t\t\t<\/td>\n\t\t\t\t\t\t\t\t\t\t\t\t\t\t\t\t\t\t\t\t\t\t\t\t<td class=\"wd-table-cell elementor-repeater-item-402996e\" colspan=\"1\" rowspan=\"1\">\n\t\t\t\t\t\t\t<p><span style=\"font-weight: 400\">_gat_gtag_UA_209442084_3<\/span><\/p>\t\t\t\t\t\t\t<\/td>\n\t\t\t\t\t\t\t\t\t\t\t\t\t\t\t\t\t\t\t\t\t\t\t\t<td class=\"wd-table-cell elementor-repeater-item-1c8c805\" colspan=\"1\" rowspan=\"1\">\n\t\t\t\t\t\t\t<p><span style=\"font-weight: 400\">F\u00f6rstapart<\/span><\/p>\t\t\t\t\t\t\t<\/td>\n\t\t\t\t\t\t\t\t\t\t\t\t\t\t\t\t\t\t\t\t\t\t\t\t<td class=\"wd-table-cell elementor-repeater-item-cb32130\" colspan=\"1\" rowspan=\"1\">\n\t\t\t\t\t\t\t<p>Den h\u00e4r cookien \u00e4r en del av Google Analytics och anv\u00e4nds f\u00f6r att begr\u00e4nsa antalet f\u00f6rfr\u00e5gningar (strypa antalet f\u00f6rfr\u00e5gningar).<\/p>\t\t\t\t\t\t\t<\/td>\n\t\t\t\t\t\t\t\t\t\t\t\t\t\t\t\t\t\t\t\t\t\t\t\t<td class=\"wd-table-cell elementor-repeater-item-e537937\" colspan=\"1\" rowspan=\"1\">\n\t\t\t\t\t\t\t<p>53 sekunder<\/p>\t\t\t\t\t\t\t<\/td>\n\t\t\t\t\t\t\t\t\t\t\t\t\t\t\t\t<\/tr>\n\t\t\t\t<\/tbody>\n\t\t\t<\/table>\n\t\t<\/div>\n\t\t\t\t<\/div>\n\t\t\t\t<\/div>\n\t\t\t\t<div class=\"elementor-element elementor-element-3135eac color-scheme-inherit text-left elementor-widget elementor-widget-text-editor\" data-id=\"3135eac\" data-element_type=\"widget\" data-widget_type=\"text-editor.default\">\n\t\t\t\t<div class=\"elementor-widget-container\">\n\t\t\t\t\t\t\t<p>\u00a0<\/p><p><b>Kontakta oss<\/b><\/p><p><span style=\"font-weight: 400;\">Om du har n\u00e5gra fr\u00e5gor eller funderingar om v\u00e5r anv\u00e4ndning av cookies, kontakta oss:<\/span><\/p><p><span style=\"font-weight: 400;\">Svenska Good Medical AB<\/span><\/p><p><span style=\"font-weight: 400;\">H\u00e4stskov\u00e4gen 19<\/span><\/p><p><span style=\"font-weight: 400;\">448 34, Floda<\/span><\/p><p><span style=\"font-weight: 400;\">info@svenskagoodmedical.com<\/span><\/p>\t\t\t\t\t\t<\/div>\n\t\t\t\t<\/div>\n\t\t\t\t\t<\/div>\n\t\t<\/div>\n\t\t\t\t\t\t\t<\/div>\n\t\t<\/section>\n\t\t\t\t<section class=\"elementor-section elementor-top-section elementor-element elementor-element-bb75de8 elementor-section-height-min-height wd-section-stretch elementor-section-boxed elementor-section-height-default elementor-section-items-middle\" data-id=\"bb75de8\" data-element_type=\"section\" data-settings=\"{&quot;background_background&quot;:&quot;classic&quot;}\">\n\t\t\t\t\t\t<div class=\"elementor-container elementor-column-gap-default\">\n\t\t\t\t\t<div class=\"elementor-column elementor-col-100 elementor-top-column elementor-element elementor-element-c08040c\" data-id=\"c08040c\" data-element_type=\"column\">\n\t\t\t<div class=\"elementor-widget-wrap elementor-element-populated\">\n\t\t\t\t\t\t\t\t<div class=\"elementor-element elementor-element-1e8ddcc elementor-widget elementor-widget-heading\" data-id=\"1e8ddcc\" data-element_type=\"widget\" data-widget_type=\"heading.default\">\n\t\t\t\t<div class=\"elementor-widget-container\">\n\t\t\t<h2 class=\"elementor-heading-title elementor-size-default\">Vill du veta mer?<\/h2>\t\t<\/div>\n\t\t\t\t<\/div>\n\t\t\t\t<div class=\"elementor-element elementor-element-4b54e43 elementor-align-center elementor-widget elementor-widget-button\" data-id=\"4b54e43\" data-element_type=\"widget\" data-widget_type=\"button.default\">\n\t\t\t\t<div class=\"elementor-widget-container\">\n\t\t\t\t\t<div class=\"elementor-button-wrapper\">\n\t\t\t<a class=\"elementor-button elementor-button-link elementor-size-sm\" href=\"https:\/\/svenskagoodmedical.com\/sv\/contact\/\">\n\t\t\t\t\t\t<span class=\"elementor-button-content-wrapper\">\n\t\t\t\t\t\t<span class=\"elementor-button-text\">Kontakta oss<\/span>\n\t\t<\/span>\n\t\t\t\t\t<\/a>\n\t\t<\/div>\n\t\t\t\t<\/div>\n\t\t\t\t<\/div>\n\t\t\t\t\t<\/div>\n\t\t<\/div>\n\t\t\t\t\t\t\t<\/div>\n\t\t<\/section>\n\t\t\t\t\t\t\t<\/div>","protected":false},"excerpt":{"rendered":"<p>Cookies Information om cookies Cookiepolicy Denna cookiepolicy f\u00f6rklarar hur Svenska Good Medical AB anv\u00e4nder cookies och liknande sp\u00e5rningstekniker n\u00e4r du<\/p>","protected":false},"author":1,"featured_media":0,"parent":0,"menu_order":0,"comment_status":"closed","ping_status":"closed","template":"","meta":{"inline_featured_image":false,"footnotes":""},"class_list":["post-1647","page","type-page","status-publish","hentry"],"acf":[],"_links":{"self":[{"href":"https:\/\/svenskagoodmedical.com\/sv\/wp-json\/wp\/v2\/pages\/1647","targetHints":{"allow":["GET"]}}],"collection":[{"href":"https:\/\/svenskagoodmedical.com\/sv\/wp-json\/wp\/v2\/pages"}],"about":[{"href":"https:\/\/svenskagoodmedical.com\/sv\/wp-json\/wp\/v2\/types\/page"}],"author":[{"embeddable":true,"href":"https:\/\/svenskagoodmedical.com\/sv\/wp-json\/wp\/v2\/users\/1"}],"replies":[{"embeddable":true,"href":"https:\/\/svenskagoodmedical.com\/sv\/wp-json\/wp\/v2\/comments?post=1647"}],"version-history":[{"count":28,"href":"https:\/\/svenskagoodmedical.com\/sv\/wp-json\/wp\/v2\/pages\/1647\/revisions"}],"predecessor-version":[{"id":1682,"href":"https:\/\/svenskagoodmedical.com\/sv\/wp-json\/wp\/v2\/pages\/1647\/revisions\/1682"}],"wp:attachment":[{"href":"https:\/\/svenskagoodmedical.com\/sv\/wp-json\/wp\/v2\/media?parent=1647"}],"curies":[{"name":"wp","href":"https:\/\/api.w.org\/{rel}","templated":true}]}}