{"id":1353,"date":"2021-10-21T11:44:24","date_gmt":"2021-10-21T09:44:24","guid":{"rendered":"https:\/\/svenskagoodmedical.com\/?page_id=1353"},"modified":"2023-09-26T14:30:53","modified_gmt":"2023-09-26T12:30:53","slug":"gdpr","status":"publish","type":"page","link":"https:\/\/svenskagoodmedical.com\/sv\/gdpr\/","title":{"rendered":"GDPR"},"content":{"rendered":"<h2>GDPR<\/h2>\n<h2>\n<p style=\"margin-bottom:15.0pt;line-height:31.5pt;mso-outline-level:1\">Personuppgiftsbehandling<\/p>\n<\/h2>\n<h3>N\u00e4r behandlar vi personuppgifter?<\/h3>\n<p>Vi beh\u00f6ver spara och behandla personuppgifter om dig om du har kontakt med oss som f\u00f6retag eller offentlig verksamhet. Med personuppgifter avses namn, efternamn, telefonnummer, e-mail-adress, arbetsplats samt befattning. Syftet med en s\u00e5dan behandling \u00e4r f\u00f6r att vi skall ha uppgifter om vem vi pratat med och om vad.<\/p>\n<h3>Hur behandlar vi uppgifterna?<\/h3>\n<p>Vi har f\u00e5tt dina uppgifter fr\u00e5n dig som tar kontakt med oss. Vi till\u00e4mpar enligt g\u00e4llande integritetslagstiftning vid all behandling av personuppgifter. Den r\u00e4ttsliga grunden f\u00f6r att behandla dina personuppgifter \u00e4r dataskyddsf\u00f6rordningen (GDPR). Dina uppgifter kommer att sparas s\u00e5 l\u00e4nge det beh\u00f6vs i aff\u00e4rsm\u00e4ssigt sammanhang.\n\nDe personuppgifter vi behandlar om dig delas inte med n\u00e5gon utanf\u00f6r v\u00e5rt f\u00f6retag.<\/p>\n<p>De personuppgifter vi behandlar om dig delas inte med n\u00e5gon utanf\u00f6r v\u00e5rt f\u00f6retag.<\/p>\n<h3>Dina r\u00e4ttigheter<\/h3>\n<p>Personuppgiftsansvarig \u00e4r Salubrious AB. Du har r\u00e4tt att kontakta oss om du vill ha ut information om de uppgifter vi har om dig, f\u00f6r att beg\u00e4ra r\u00e4ttelse, \u00f6verf\u00f6ring eller f\u00f6r att beg\u00e4ra att vi begr\u00e4nsar behandlingen, f\u00f6r att g\u00f6ra inv\u00e4ndningar eller beg\u00e4ra radering av dina uppgifter. Detta g\u00f6r du enklast genom att kontakta oss p\u00e5 <a href=\"\/sv\/info@svenskagoodmedical.com\/\">info@svenskagoodmedical.com<\/a>. Du n\u00e5r v\u00e5rt dataskyddsombud p\u00e5 <a href=\"\/sv\/info@svenskagoodmedical.com\/\"> info@svenskagoodmedical.com<\/a>. Om du har klagom\u00e5l p\u00e5 v\u00e5r behandling av dina personuppgifter har du r\u00e4tt att inge klagom\u00e5l till tillsynsmyndigheten Datainspektionen.<\/p>\n<h2>Vill du veta mer?<\/h2>\n<p><a role=\"button\"><br \/>\nKontakta oss<br \/>\n<\/a><\/p>","protected":false},"excerpt":{"rendered":"<p>GDPR Personal Data Processing When do we process personal data? We need to save and process personal data about you<\/p>","protected":false},"author":1,"featured_media":0,"parent":0,"menu_order":0,"comment_status":"closed","ping_status":"closed","template":"","meta":{"inline_featured_image":false,"footnotes":""},"class_list":["post-1353","page","type-page","status-publish","hentry"],"acf":[],"_links":{"self":[{"href":"https:\/\/svenskagoodmedical.com\/sv\/wp-json\/wp\/v2\/pages\/1353","targetHints":{"allow":["GET"]}}],"collection":[{"href":"https:\/\/svenskagoodmedical.com\/sv\/wp-json\/wp\/v2\/pages"}],"about":[{"href":"https:\/\/svenskagoodmedical.com\/sv\/wp-json\/wp\/v2\/types\/page"}],"author":[{"embeddable":true,"href":"https:\/\/svenskagoodmedical.com\/sv\/wp-json\/wp\/v2\/users\/1"}],"replies":[{"embeddable":true,"href":"https:\/\/svenskagoodmedical.com\/sv\/wp-json\/wp\/v2\/comments?post=1353"}],"version-history":[{"count":46,"href":"https:\/\/svenskagoodmedical.com\/sv\/wp-json\/wp\/v2\/pages\/1353\/revisions"}],"predecessor-version":[{"id":1634,"href":"https:\/\/svenskagoodmedical.com\/sv\/wp-json\/wp\/v2\/pages\/1353\/revisions\/1634"}],"wp:attachment":[{"href":"https:\/\/svenskagoodmedical.com\/sv\/wp-json\/wp\/v2\/media?parent=1353"}],"curies":[{"name":"wp","href":"https:\/\/api.w.org\/{rel}","templated":true}]}}