{"id":112,"date":"2021-06-04T01:52:23","date_gmt":"2021-06-03T23:52:23","guid":{"rendered":"http:\/\/18.197.242.202\/~goodmedical\/?page_id=112"},"modified":"2022-01-27T15:44:00","modified_gmt":"2022-01-27T14:44:00","slug":"about-us","status":"publish","type":"page","link":"https:\/\/svenskagoodmedical.com\/sv\/about-us\/","title":{"rendered":"Om oss"},"content":{"rendered":"<div data-elementor-type=\"wp-page\" data-elementor-id=\"112\" class=\"elementor elementor-112\" data-elementor-post-type=\"page\">\n\t\t\t\t\t\t\t\t\t<section class=\"elementor-section elementor-top-section elementor-element elementor-element-755a751 elementor-section-height-min-height wd-section-stretch elementor-section-boxed elementor-section-height-default elementor-section-items-middle\" data-id=\"755a751\" data-element_type=\"section\" data-settings=\"{&quot;background_background&quot;:&quot;classic&quot;}\">\n\t\t\t\t\t\t\t<div class=\"elementor-background-overlay\"><\/div>\n\t\t\t\t\t\t\t<div class=\"elementor-container elementor-column-gap-default\">\n\t\t\t\t\t<div class=\"elementor-column elementor-col-100 elementor-top-column elementor-element elementor-element-6abc1cc\" data-id=\"6abc1cc\" data-element_type=\"column\">\n\t\t\t<div class=\"elementor-widget-wrap elementor-element-populated\">\n\t\t\t\t\t\t\t\t<div class=\"elementor-element elementor-element-3673c25 elementor-widget elementor-widget-heading\" data-id=\"3673c25\" data-element_type=\"widget\" data-widget_type=\"heading.default\">\n\t\t\t\t<div class=\"elementor-widget-container\">\n\t\t\t<h2 class=\"elementor-heading-title elementor-size-default\">Om oss<\/h2>\t\t<\/div>\n\t\t\t\t<\/div>\n\t\t\t\t\t<\/div>\n\t\t<\/div>\n\t\t\t\t\t\t\t<\/div>\n\t\t<\/section>\n\t\t\t\t<section class=\"elementor-section elementor-top-section elementor-element elementor-element-e038265 elementor-section-height-min-height wd-section-stretch elementor-section-boxed elementor-section-height-default elementor-section-items-middle\" data-id=\"e038265\" data-element_type=\"section\" data-settings=\"{&quot;background_background&quot;:&quot;classic&quot;}\">\n\t\t\t\t\t\t<div class=\"elementor-container elementor-column-gap-default\">\n\t\t\t\t\t<div class=\"elementor-column elementor-col-100 elementor-top-column elementor-element elementor-element-f2a0c51\" data-id=\"f2a0c51\" data-element_type=\"column\">\n\t\t\t<div class=\"elementor-widget-wrap elementor-element-populated\">\n\t\t\t\t\t\t\t\t<div class=\"elementor-element elementor-element-7104bd5 elementor-widget elementor-widget-heading\" data-id=\"7104bd5\" data-element_type=\"widget\" data-widget_type=\"heading.default\">\n\t\t\t\t<div class=\"elementor-widget-container\">\n\t\t\t<h2 class=\"elementor-heading-title elementor-size-default\">V\u00e5r historia<\/h2>\t\t<\/div>\n\t\t\t\t<\/div>\n\t\t\t\t<div class=\"elementor-element elementor-element-47f0e58 color-scheme-inherit text-left elementor-widget elementor-widget-text-editor\" data-id=\"47f0e58\" data-element_type=\"widget\" data-widget_type=\"text-editor.default\">\n\t\t\t\t<div class=\"elementor-widget-container\">\n\t\t\t\t\t\t\t<p>Vi startade Svenska Good Medical AB 2009 med id\u00e9n att tillhandah\u00e5lla h\u00f6gkvalitativa svensktillverkade och egenproducerade produkter som \u00e4r designade och skyddade via immateriella r\u00e4ttigheter av Svenska Good Medical AB. Vi v\u00e4rdes\u00e4tter v\u00e5ra kunder och l\u00e5ngvariga relationer och en av v\u00e5ra viktigaste v\u00e4rden \u00e4r att v\u00e5ra produkter tillverkas i Sverige och \u00e4r milj\u00f6v\u00e4nliga.\u00a0\u00a0<\/p>\t\t\t\t\t\t<\/div>\n\t\t\t\t<\/div>\n\t\t\t\t\t<\/div>\n\t\t<\/div>\n\t\t\t\t\t\t\t<\/div>\n\t\t<\/section>\n\t\t\t\t<section class=\"elementor-section elementor-top-section elementor-element elementor-element-d8f61aa wd-section-stretch elementor-section-boxed elementor-section-height-default elementor-section-height-default\" data-id=\"d8f61aa\" data-element_type=\"section\" data-settings=\"{&quot;background_background&quot;:&quot;classic&quot;}\">\n\t\t\t\t\t\t<div class=\"elementor-container elementor-column-gap-default\">\n\t\t\t\t\t<div class=\"elementor-column elementor-col-50 elementor-top-column elementor-element elementor-element-9111eab\" data-id=\"9111eab\" data-element_type=\"column\">\n\t\t\t<div class=\"elementor-widget-wrap elementor-element-populated\">\n\t\t\t\t\t\t\t\t<div class=\"elementor-element elementor-element-4a745cb elementor-widget elementor-widget-heading\" data-id=\"4a745cb\" data-element_type=\"widget\" data-widget_type=\"heading.default\">\n\t\t\t\t<div class=\"elementor-widget-container\">\n\t\t\t<h2 class=\"elementor-heading-title elementor-size-default\">Vi v\u00e4rdes\u00e4tter v\u00e5ra kunder<\/h2>\t\t<\/div>\n\t\t\t\t<\/div>\n\t\t\t\t<div class=\"elementor-element elementor-element-b7df52d color-scheme-inherit text-left elementor-widget elementor-widget-text-editor\" data-id=\"b7df52d\" data-element_type=\"widget\" data-widget_type=\"text-editor.default\">\n\t\t\t\t<div class=\"elementor-widget-container\">\n\t\t\t\t\t\t\t<p>V\u00e5ra tillverknings- och tekniska processer ger dig h\u00f6gsta kvalitet och v\u00e4rdeorienterade l\u00f6sningar. V\u00e5ra Medical Excellence -processer och kultur guidar oss i alla aspekter av v\u00e5r medicinska verksamhet. Detta tillv\u00e4gag\u00e5ngss\u00e4tt l\u00e5ter oss fokusera p\u00e5 kvalitet i kombination med konsekvent, smal och effektiv leverans f\u00f6r att b\u00e4ttre kunna serva dig och dina patienter.<\/p>\t\t\t\t\t\t<\/div>\n\t\t\t\t<\/div>\n\t\t\t\t\t<\/div>\n\t\t<\/div>\n\t\t\t\t<div class=\"elementor-column elementor-col-50 elementor-top-column elementor-element elementor-element-3d9d2ba elementor-hidden-tablet elementor-hidden-phone\" data-id=\"3d9d2ba\" data-element_type=\"column\">\n\t\t\t<div class=\"elementor-widget-wrap\">\n\t\t\t\t\t\t\t\t\t<\/div>\n\t\t<\/div>\n\t\t\t\t\t\t\t<\/div>\n\t\t<\/section>\n\t\t\t\t<section class=\"elementor-section elementor-top-section elementor-element elementor-element-c94e345 wd-section-stretch elementor-section-boxed elementor-section-height-default elementor-section-height-default\" data-id=\"c94e345\" data-element_type=\"section\" data-settings=\"{&quot;background_background&quot;:&quot;classic&quot;}\">\n\t\t\t\t\t\t<div class=\"elementor-container elementor-column-gap-default\">\n\t\t\t\t\t<div class=\"elementor-column elementor-col-100 elementor-top-column elementor-element elementor-element-764634f\" data-id=\"764634f\" data-element_type=\"column\">\n\t\t\t<div class=\"elementor-widget-wrap elementor-element-populated\">\n\t\t\t\t\t\t\t\t<section class=\"wd-negative-gap elementor-section elementor-inner-section elementor-element elementor-element-6b7016d elementor-section-boxed elementor-section-height-default elementor-section-height-default wd-section-disabled\" data-id=\"6b7016d\" data-element_type=\"section\">\n\t\t\t\t\t\t<div class=\"elementor-container elementor-column-gap-default\">\n\t\t\t\t\t<div class=\"elementor-column elementor-col-33 elementor-inner-column elementor-element elementor-element-d9f521a\" data-id=\"d9f521a\" data-element_type=\"column\">\n\t\t\t<div class=\"elementor-widget-wrap elementor-element-populated\">\n\t\t\t\t\t\t\t\t<div class=\"elementor-element elementor-element-0fa6ed9 elementor-widget__width-auto elementor-widget elementor-widget-button\" data-id=\"0fa6ed9\" data-element_type=\"widget\" data-widget_type=\"button.default\">\n\t\t\t\t<div class=\"elementor-widget-container\">\n\t\t\t\t\t<div class=\"elementor-button-wrapper\">\n\t\t\t<a class=\"elementor-button elementor-button-link elementor-size-sm\" href=\"#\">\n\t\t\t\t\t\t<span class=\"elementor-button-content-wrapper\">\n\t\t\t\t\t\t<span class=\"elementor-button-text\">01<\/span>\n\t\t<\/span>\n\t\t\t\t\t<\/a>\n\t\t<\/div>\n\t\t\t\t<\/div>\n\t\t\t\t<\/div>\n\t\t\t\t<div class=\"elementor-element elementor-element-5a5c789 elementor-widget__width-auto elementor-widget elementor-widget-heading\" data-id=\"5a5c789\" data-element_type=\"widget\" data-widget_type=\"heading.default\">\n\t\t\t\t<div class=\"elementor-widget-container\">\n\t\t\t<h2 class=\"elementor-heading-title elementor-size-default\">Kvalit\u00e9<\/h2>\t\t<\/div>\n\t\t\t\t<\/div>\n\t\t\t\t<div class=\"elementor-element elementor-element-fe6d54d color-scheme-inherit text-left elementor-widget elementor-widget-text-editor\" data-id=\"fe6d54d\" data-element_type=\"widget\" data-widget_type=\"text-editor.default\">\n\t\t\t\t<div class=\"elementor-widget-container\">\n\t\t\t\t\t\t\t<p>Detta uppn\u00e5s genom egen design och tillverkning av utvalda leverant\u00f6rer i Sverige. Svenska Good Medical AB \u00e4r certifierat enligt ISO13485: 2016.<\/p>\t\t\t\t\t\t<\/div>\n\t\t\t\t<\/div>\n\t\t\t\t\t<\/div>\n\t\t<\/div>\n\t\t\t\t<div class=\"elementor-column elementor-col-33 elementor-inner-column elementor-element elementor-element-e3d9861\" data-id=\"e3d9861\" data-element_type=\"column\">\n\t\t\t<div class=\"elementor-widget-wrap elementor-element-populated\">\n\t\t\t\t\t\t\t\t<div class=\"elementor-element elementor-element-79ff68c elementor-widget__width-auto elementor-widget elementor-widget-button\" data-id=\"79ff68c\" data-element_type=\"widget\" data-widget_type=\"button.default\">\n\t\t\t\t<div class=\"elementor-widget-container\">\n\t\t\t\t\t<div class=\"elementor-button-wrapper\">\n\t\t\t<a class=\"elementor-button elementor-button-link elementor-size-sm\" href=\"#\">\n\t\t\t\t\t\t<span class=\"elementor-button-content-wrapper\">\n\t\t\t\t\t\t<span class=\"elementor-button-text\">02<\/span>\n\t\t<\/span>\n\t\t\t\t\t<\/a>\n\t\t<\/div>\n\t\t\t\t<\/div>\n\t\t\t\t<\/div>\n\t\t\t\t<div class=\"elementor-element elementor-element-d4965e1 elementor-widget__width-auto elementor-widget elementor-widget-heading\" data-id=\"d4965e1\" data-element_type=\"widget\" data-widget_type=\"heading.default\">\n\t\t\t\t<div class=\"elementor-widget-container\">\n\t\t\t<h2 class=\"elementor-heading-title elementor-size-default\">Svensktillverkad<\/h2>\t\t<\/div>\n\t\t\t\t<\/div>\n\t\t\t\t<div class=\"elementor-element elementor-element-85992d2 color-scheme-inherit text-left elementor-widget elementor-widget-text-editor\" data-id=\"85992d2\" data-element_type=\"widget\" data-widget_type=\"text-editor.default\">\n\t\t\t\t<div class=\"elementor-widget-container\">\n\t\t\t\t\t\t\t<p>Genom att v\u00e5ra produkter tillverkas i Sverige ger det god kontroll \u00f6ver produktion och materialval, vilket ger stabila priser d\u00e5 det minskar valutarisker.<\/p>\t\t\t\t\t\t<\/div>\n\t\t\t\t<\/div>\n\t\t\t\t\t<\/div>\n\t\t<\/div>\n\t\t\t\t<div class=\"elementor-column elementor-col-33 elementor-inner-column elementor-element elementor-element-f320932\" data-id=\"f320932\" data-element_type=\"column\">\n\t\t\t<div class=\"elementor-widget-wrap elementor-element-populated\">\n\t\t\t\t\t\t\t\t<div class=\"elementor-element elementor-element-fd5cbb5 elementor-widget__width-auto elementor-widget elementor-widget-button\" data-id=\"fd5cbb5\" data-element_type=\"widget\" data-widget_type=\"button.default\">\n\t\t\t\t<div class=\"elementor-widget-container\">\n\t\t\t\t\t<div class=\"elementor-button-wrapper\">\n\t\t\t<a class=\"elementor-button elementor-button-link elementor-size-sm\" href=\"#\">\n\t\t\t\t\t\t<span class=\"elementor-button-content-wrapper\">\n\t\t\t\t\t\t<span class=\"elementor-button-text\">03<\/span>\n\t\t<\/span>\n\t\t\t\t\t<\/a>\n\t\t<\/div>\n\t\t\t\t<\/div>\n\t\t\t\t<\/div>\n\t\t\t\t<div class=\"elementor-element elementor-element-07afb38 elementor-widget__width-auto elementor-widget elementor-widget-heading\" data-id=\"07afb38\" data-element_type=\"widget\" data-widget_type=\"heading.default\">\n\t\t\t\t<div class=\"elementor-widget-container\">\n\t\t\t<h2 class=\"elementor-heading-title elementor-size-default\">Milj\u00f6v\u00e4nlig <\/h2>\t\t<\/div>\n\t\t\t\t<\/div>\n\t\t\t\t<div class=\"elementor-element elementor-element-aee3c33 color-scheme-inherit text-left elementor-widget elementor-widget-text-editor\" data-id=\"aee3c33\" data-element_type=\"widget\" data-widget_type=\"text-editor.default\">\n\t\t\t\t<div class=\"elementor-widget-container\">\n\t\t\t\t\t\t\t<p>Vi erbjuder alltid de mest milj\u00f6v\u00e4nliga materialen som finns p\u00e5 marknaden vid v\u00e5r tillverkning. Ett nyckelord f\u00f6r oss \u00e4r att produkterna ska vara 100 % \u00e5tervinningsbara s\u00e5 l\u00e5ngt som m\u00f6jligt. Genom att ha v\u00e5r tillverkning i Sverige minskar vi v\u00e5ra transportkostnader.<\/p>\t\t\t\t\t\t<\/div>\n\t\t\t\t<\/div>\n\t\t\t\t\t<\/div>\n\t\t<\/div>\n\t\t\t\t\t\t\t<\/div>\n\t\t<\/section>\n\t\t\t\t\t<\/div>\n\t\t<\/div>\n\t\t\t\t\t\t\t<\/div>\n\t\t<\/section>\n\t\t\t\t<section class=\"wd-negative-gap elementor-section elementor-top-section elementor-element elementor-element-02f616e elementor-section-boxed elementor-section-height-default elementor-section-height-default wd-section-disabled\" data-id=\"02f616e\" data-element_type=\"section\">\n\t\t\t\t\t\t<div class=\"elementor-container elementor-column-gap-default\">\n\t\t\t\t\t<div class=\"elementor-column elementor-col-100 elementor-top-column elementor-element elementor-element-e17feb3\" data-id=\"e17feb3\" data-element_type=\"column\">\n\t\t\t<div class=\"elementor-widget-wrap elementor-element-populated\">\n\t\t\t\t\t\t\t\t<div class=\"elementor-element elementor-element-2b54cb8 elementor-widget elementor-widget-heading\" data-id=\"2b54cb8\" data-element_type=\"widget\" data-widget_type=\"heading.default\">\n\t\t\t\t<div class=\"elementor-widget-container\">\n\t\t\t<h2 class=\"elementor-heading-title elementor-size-default\">V\u00e5rt team<\/h2>\t\t<\/div>\n\t\t\t\t<\/div>\n\t\t\t\t\t<\/div>\n\t\t<\/div>\n\t\t\t\t\t\t\t<\/div>\n\t\t<\/section>\n\t\t\t\t<section class=\"wd-negative-gap elementor-section elementor-top-section elementor-element elementor-element-159f37d elementor-section-boxed elementor-section-height-default elementor-section-height-default wd-section-disabled\" data-id=\"159f37d\" data-element_type=\"section\">\n\t\t\t\t\t\t<div class=\"elementor-container elementor-column-gap-default\">\n\t\t\t\t\t<div class=\"elementor-column elementor-col-33 elementor-top-column elementor-element elementor-element-fa1f7fa\" data-id=\"fa1f7fa\" data-element_type=\"column\">\n\t\t\t<div class=\"elementor-widget-wrap elementor-element-populated\">\n\t\t\t\t\t\t\t\t<div class=\"elementor-element elementor-element-e347fce elementor-widget elementor-widget-wd_team_member\" data-id=\"e347fce\" data-element_type=\"widget\" data-widget_type=\"wd_team_member.default\">\n\t\t\t\t<div class=\"elementor-widget-container\">\n\t\t\t\t\t<div class=\"team-member member-layout-default text-center\">\n\t\t\t\t\t\t\t<div class=\"member-image-wrapper\">\n\t\t\t\t\t<div class=\"member-image\">\n\t\t\t\t\t\t<img loading=\"lazy\" decoding=\"async\" width=\"300\" height=\"277\" src=\"https:\/\/svenskagoodmedical.com\/wp-content\/uploads\/2021\/10\/anders-pic-1-300x277.png\" class=\"attachment-medium size-medium\" alt=\"\" srcset=\"https:\/\/svenskagoodmedical.com\/wp-content\/uploads\/2021\/10\/anders-pic-1-300x277.png 300w, https:\/\/svenskagoodmedical.com\/wp-content\/uploads\/2021\/10\/anders-pic-1-13x12.png 13w, https:\/\/svenskagoodmedical.com\/wp-content\/uploads\/2021\/10\/anders-pic-1-600x554.png 600w, https:\/\/svenskagoodmedical.com\/wp-content\/uploads\/2021\/10\/anders-pic-1-150x139.png 150w, https:\/\/svenskagoodmedical.com\/wp-content\/uploads\/2021\/10\/anders-pic-1.png 640w\" sizes=\"auto, (max-width: 300px) 100vw, 300px\" \/>\t\t\t\t\t<\/div>\n\t\t\t\t<\/div>\n\t\t\t\n\t\t\t<div class=\"member-details set-mb-s reset-last-child\">\n\t\t\t\t\t\t\t\t\t<h4 class=\"member-name\">\n\t\t\t\t\t\tAnders Good\t\t\t\t\t<\/h4>\n\t\t\t\t\n\t\t\t\t\t\t\t\t\t<div class=\"member-position\">\n\t\t\t\t\t\tVD\t\t\t\t\t<\/div>\n\t\t\t\t\n\t\t\t\t\t\t\t\t\t<div class=\"member-bio\">\n\t\t\t\t\t\t<div class=\"contact_phone\" style=\"margin-top: 2rem;\">Mobil: +46 703 22 66 93<\/div>\n<div class=\"contact_phone\">Direkt: +46 31 755 90 09<\/div>\n<div class=\"contact_phone\">anders@svenskagoodmedical.com<\/div>\t\t\t\t\t<\/div>\n\t\t\t\t\n\t\t\t\t\t\t\t<\/div>\n\t\t<\/div>\n\t\t\t\t<\/div>\n\t\t\t\t<\/div>\n\t\t\t\t\t<\/div>\n\t\t<\/div>\n\t\t\t\t<div class=\"elementor-column elementor-col-33 elementor-top-column elementor-element elementor-element-dc5cc26\" data-id=\"dc5cc26\" data-element_type=\"column\">\n\t\t\t<div class=\"elementor-widget-wrap\">\n\t\t\t\t\t\t\t\t\t<\/div>\n\t\t<\/div>\n\t\t\t\t<div class=\"elementor-column elementor-col-33 elementor-top-column elementor-element elementor-element-4d7b48d\" data-id=\"4d7b48d\" data-element_type=\"column\">\n\t\t\t<div class=\"elementor-widget-wrap elementor-element-populated\">\n\t\t\t\t\t\t\t\t<div class=\"elementor-element elementor-element-500cfe0 elementor-widget elementor-widget-wd_team_member\" data-id=\"500cfe0\" data-element_type=\"widget\" data-widget_type=\"wd_team_member.default\">\n\t\t\t\t<div class=\"elementor-widget-container\">\n\t\t\t\t\t<div class=\"team-member member-layout-default text-center\">\n\t\t\t\t\t\t\t<div class=\"member-image-wrapper\">\n\t\t\t\t\t<div class=\"member-image\">\n\t\t\t\t\t\t<img loading=\"lazy\" decoding=\"async\" width=\"300\" height=\"277\" src=\"https:\/\/svenskagoodmedical.com\/wp-content\/uploads\/2021\/11\/jeta-300x277.png\" class=\"attachment-medium size-medium\" alt=\"Jeta Grainca\" srcset=\"https:\/\/svenskagoodmedical.com\/wp-content\/uploads\/2021\/11\/jeta-300x277.png 300w, https:\/\/svenskagoodmedical.com\/wp-content\/uploads\/2021\/11\/jeta-13x12.png 13w, https:\/\/svenskagoodmedical.com\/wp-content\/uploads\/2021\/11\/jeta-600x554.png 600w, https:\/\/svenskagoodmedical.com\/wp-content\/uploads\/2021\/11\/jeta-150x139.png 150w, https:\/\/svenskagoodmedical.com\/wp-content\/uploads\/2021\/11\/jeta.png 640w\" sizes=\"auto, (max-width: 300px) 100vw, 300px\" \/>\t\t\t\t\t<\/div>\n\t\t\t\t<\/div>\n\t\t\t\n\t\t\t<div class=\"member-details set-mb-s reset-last-child\">\n\t\t\t\t\t\t\t\t\t<h4 class=\"member-name\">\n\t\t\t\t\t\tJeta Grainca\t\t\t\t\t<\/h4>\n\t\t\t\t\n\t\t\t\t\t\t\t\t\t<div class=\"member-position\">\n\t\t\t\t\t\tS\u00e4ljare\t\t\t\t\t<\/div>\n\t\t\t\t\n\t\t\t\t\t\t\t\t\t<div class=\"member-bio\">\n\t\t\t\t\t\t\n<div class=\"contact_phone\" style=\"margin-top: 2rem;\">Direkt: +46 31 755 90 02<\/div>\n<div class=\"contact_phone\">jeta@svenskagoodmedical.com<\/div>\t\t\t\t\t<\/div>\n\t\t\t\t\n\t\t\t\t\t\t\t<\/div>\n\t\t<\/div>\n\t\t\t\t<\/div>\n\t\t\t\t<\/div>\n\t\t\t\t<div class=\"elementor-element elementor-element-ba7f310 elementor-widget elementor-widget-wd_team_member\" data-id=\"ba7f310\" data-element_type=\"widget\" data-widget_type=\"wd_team_member.default\">\n\t\t\t\t<div class=\"elementor-widget-container\">\n\t\t\t\t\t<div class=\"team-member member-layout-default text-center\">\n\t\t\t\n\t\t\t<div class=\"member-details set-mb-s reset-last-child\">\n\t\t\t\t\n\t\t\t\t\n\t\t\t\t\n\t\t\t\t\t\t\t<\/div>\n\t\t<\/div>\n\t\t\t\t<\/div>\n\t\t\t\t<\/div>\n\t\t\t\t\t<\/div>\n\t\t<\/div>\n\t\t\t\t\t\t\t<\/div>\n\t\t<\/section>\n\t\t\t\t<section class=\"elementor-section elementor-top-section elementor-element elementor-element-bb75de8 elementor-section-height-min-height wd-section-stretch elementor-section-boxed elementor-section-height-default elementor-section-items-middle\" data-id=\"bb75de8\" data-element_type=\"section\" data-settings=\"{&quot;background_background&quot;:&quot;classic&quot;}\">\n\t\t\t\t\t\t<div class=\"elementor-container elementor-column-gap-default\">\n\t\t\t\t\t<div class=\"elementor-column elementor-col-100 elementor-top-column elementor-element elementor-element-c08040c\" data-id=\"c08040c\" data-element_type=\"column\">\n\t\t\t<div class=\"elementor-widget-wrap elementor-element-populated\">\n\t\t\t\t\t\t\t\t<div class=\"elementor-element elementor-element-1e8ddcc elementor-widget elementor-widget-heading\" data-id=\"1e8ddcc\" data-element_type=\"widget\" data-widget_type=\"heading.default\">\n\t\t\t\t<div class=\"elementor-widget-container\">\n\t\t\t<h2 class=\"elementor-heading-title elementor-size-default\">Vill du veta mer?<\/h2>\t\t<\/div>\n\t\t\t\t<\/div>\n\t\t\t\t<div class=\"elementor-element elementor-element-4b54e43 elementor-align-center elementor-widget elementor-widget-button\" data-id=\"4b54e43\" data-element_type=\"widget\" data-widget_type=\"button.default\">\n\t\t\t\t<div class=\"elementor-widget-container\">\n\t\t\t\t\t<div class=\"elementor-button-wrapper\">\n\t\t\t<a class=\"elementor-button elementor-button-link elementor-size-sm\" href=\"https:\/\/svenskagoodmedical.com\/sv\/contact\/\">\n\t\t\t\t\t\t<span class=\"elementor-button-content-wrapper\">\n\t\t\t\t\t\t<span class=\"elementor-button-text\">Kontakta oss<\/span>\n\t\t<\/span>\n\t\t\t\t\t<\/a>\n\t\t<\/div>\n\t\t\t\t<\/div>\n\t\t\t\t<\/div>\n\t\t\t\t\t<\/div>\n\t\t<\/div>\n\t\t\t\t\t\t\t<\/div>\n\t\t<\/section>\n\t\t\t\t\t\t\t<\/div>","protected":false},"excerpt":{"rendered":"<p>About us Our story We started Svenska Good Medical AB in 2009 with the idea to provide high-quality Swedish-made and<\/p>","protected":false},"author":1,"featured_media":0,"parent":0,"menu_order":0,"comment_status":"closed","ping_status":"closed","template":"","meta":{"inline_featured_image":false,"footnotes":""},"class_list":["post-112","page","type-page","status-publish","hentry"],"acf":[],"_links":{"self":[{"href":"https:\/\/svenskagoodmedical.com\/sv\/wp-json\/wp\/v2\/pages\/112","targetHints":{"allow":["GET"]}}],"collection":[{"href":"https:\/\/svenskagoodmedical.com\/sv\/wp-json\/wp\/v2\/pages"}],"about":[{"href":"https:\/\/svenskagoodmedical.com\/sv\/wp-json\/wp\/v2\/types\/page"}],"author":[{"embeddable":true,"href":"https:\/\/svenskagoodmedical.com\/sv\/wp-json\/wp\/v2\/users\/1"}],"replies":[{"embeddable":true,"href":"https:\/\/svenskagoodmedical.com\/sv\/wp-json\/wp\/v2\/comments?post=112"}],"version-history":[{"count":132,"href":"https:\/\/svenskagoodmedical.com\/sv\/wp-json\/wp\/v2\/pages\/112\/revisions"}],"predecessor-version":[{"id":1568,"href":"https:\/\/svenskagoodmedical.com\/sv\/wp-json\/wp\/v2\/pages\/112\/revisions\/1568"}],"wp:attachment":[{"href":"https:\/\/svenskagoodmedical.com\/sv\/wp-json\/wp\/v2\/media?parent=112"}],"curies":[{"name":"wp","href":"https:\/\/api.w.org\/{rel}","templated":true}]}}